{"id":103763,"date":"2025-10-21T09:00:31","date_gmt":"2025-10-21T09:00:31","guid":{"rendered":"https:\/\/fieldsofhonor.com\/aidez-a-se-souvenir\/"},"modified":"2025-12-23T13:34:25","modified_gmt":"2025-12-23T13:34:25","slug":"aidez-a-se-souvenir","status":"publish","type":"page","link":"https:\/\/fieldsofhonor.com\/fr\/aidez-a-se-souvenir\/","title":{"rendered":"Aidez \u00e0 se souvenir"},"content":{"rendered":"\r\n<div class=\"eye-block hero\">\r\n    <div class=\"hero-content\">\r\n        <div class=\"row\">\r\n            <div class=\"col-12 col-md-5\">\r\n                <div class=\"acf-innerblocks-container\"><\/div>\r\n            <\/div>\r\n        <\/div>\r\n    <\/div>\r\n    <div class=\"hero-video-overlay\"><\/div>\r\n    <div class=\"hero-video\">\r\n                                            <img decoding=\"async\" src=\"https:\/\/fieldsofhonor.com\/wp-content\/uploads\/2025\/10\/HRIMG_6372-scaled.jpg\"\r\n                     alt=\"\"\r\n                     class=\"img-fluid\">\r\n                        <\/div>\r\n<\/div>\r\n\r\n<script>\r\n    document.addEventListener('DOMContentLoaded', () => {\r\n        document.querySelectorAll('.hero').forEach(container => {\r\n            const headings = container.querySelectorAll('h1, h2, h3, h4, h5, h6');\r\n            const paragraphs = container.querySelectorAll('p');\r\n\r\n            if (headings.length >= 1 && paragraphs.length === 0) {\r\n                container.classList.add('content-only-title');\r\n            } else {\r\n                container.classList.add('content-has-text');\r\n            }\r\n        });\r\n    });\r\n<\/script>\r\n<div class=\"eye-block empty-space empty-space--medium pt-md-4 pb-md-4 pt-3 pb-3\" ><\/div>\n<div class=\"ghostkit-grid ghostkit-grid-gap-lg ghostkit-grid-align-items-center ghostkit-grid-justify-content-center equal-height-columns\"><div class=\"ghostkit-grid-inner\">\n<div class=\"ghostkit-col ghostkit-col-md-12 ghostkit-col-lg-12 ghostkit-col-8\"><div class=\"ghostkit-col-content is-layout-flow wp-block-ghostkit-grid-column-is-layout-flow\">\n<h1 class=\"wp-block-heading has-text-align-left\">Aidez \u00e0 se souvenir<\/h1>\n\n\n\n<p class=\"has-text-color has-link-color wp-elements-5a98da822a14ea4428fc74f1f8fb9ba4\" style=\"color:#607514\"><strong>Personne ne m\u00e9rite d\u2019\u00eatre oubli\u00e9<\/strong><\/p>\n\n\n\n<p class=\"has-text-align-left\">Green. La couleur de l&rsquo;uniforme d&rsquo;un soldat, mais aussi celle du sol sacr\u00e9 recouvert de croix de marbre white et d&rsquo;\u00e9toiles de David o\u00f9 ils trouvent leur dernier lieu de repos. Des champs qui nous rappellent le prix de la libert\u00e9. C&rsquo;est l\u00e0 que la libert\u00e9, la guerre, le pr\u00e9sent et le pass\u00e9 se rejoignent\u00a0; des th\u00e8mes qui sont intrins\u00e8quement li\u00e9s. Ils nous offrent un lieu de r\u00e9flexion. C&rsquo;est aussi pourquoi nous racontons les histoires des dizaines de milliers de soldats am\u00e9ricains morts en Europe pendant la Seconde Guerre mondiale. Nous comm\u00e9morons et honorons les hommes et les femmes qui ont donn\u00e9 leur vie pour notre libert\u00e9. Nous le faisons non seulement pour le pr\u00e9sent, mais aussi pour notre avenir.       <\/p>\n\n\n\n<p class=\"has-text-align-left\">Vous pouvez nous aider dans cette t\u00e2che. Donnez un visage \u00e0 un soldat, soutenez-nous par un don ou en devenant donateur, ou engagez-vous vous-m\u00eame en tant que b\u00e9n\u00e9vole. <\/p>\n<\/div><\/div>\n\n\n\n<div class=\"ghostkit-col ghostkit-col-lg-12 ghostkit-col-4 is-layout-flow wp-block-ghostkit-grid-column-is-layout-flow\"><div class=\"ghostkit-col-content\"><\/div><\/div>\n<\/div><\/div>\n\r\n<div class=\"eye-block empty-space empty-space--large pt-lg-5 pb-lg-5 pt-4 pb-4\" ><\/div>\n<h3 class=\"wp-block-heading\">Comment puis-je contribuer\u00a0?<\/h3>\n\r\n<div class=\"eye-block empty-space empty-space--small pt-md-3 pb-md-3 pt-2 pb-2\" ><\/div>\n<div class=\"ghostkit-grid ghostkit-grid-gap-md animate-columns\"><div class=\"ghostkit-grid-inner\">\n<div class=\"ghostkit-col ghostkit-col-lg-12 ghostkit-col-4\"><div class=\"ghostkit-col-content is-layout-flow wp-block-ghostkit-grid-column-is-layout-flow\">\r\n<a class=\"eye-block img-linkcard         img-linkcard--horizontal\" href=\"https:\/\/fieldsofhonor.com\/give-them-a-face\/\" target=\"_self\">\r\n            <div class=\"img-linkcard__bg bg--olive\"><\/div>\r\n    \r\n    <div class=\"img-linkcard__content\">\r\n        <div>\r\n            <h4 class=\"img-linkcard__title\">\r\n                Donnez-leur un visage            <\/h4>\r\n                    <\/div>\r\n<!--        <span class=\"event-card__link\">-->\r\n<!--            --><!--<i class=\"fa-regular fa-arrow-right ms-2\"><\/i>-->\r\n<!--        <\/span>-->\r\n    <\/div>\r\n<\/a><\/div><\/div>\n\n\n\n<div class=\"ghostkit-col ghostkit-col-lg-12 ghostkit-col-4\"><div class=\"ghostkit-col-content is-layout-flow wp-block-ghostkit-grid-column-is-layout-flow\">\r\n<a class=\"eye-block img-linkcard         img-linkcard--horizontal\" href=\"https:\/\/fieldsofhonor.com\/donate\/\" target=\"_self\">\r\n            <div class=\"img-linkcard__bg bg--lightgreen\"><\/div>\r\n    \r\n    <div class=\"img-linkcard__content\">\r\n        <div>\r\n            <h4 class=\"img-linkcard__title\">\r\n                Faire un don            <\/h4>\r\n                    <\/div>\r\n<!--        <span class=\"event-card__link\">-->\r\n<!--            --><!--<i class=\"fa-regular fa-arrow-right ms-2\"><\/i>-->\r\n<!--        <\/span>-->\r\n    <\/div>\r\n<\/a><\/div><\/div>\n\n\n\n<div class=\"ghostkit-col ghostkit-col-lg-12 ghostkit-col-4\"><div class=\"ghostkit-col-content is-layout-flow wp-block-ghostkit-grid-column-is-layout-flow\">\r\n<a class=\"eye-block img-linkcard         img-linkcard--horizontal\" href=\"https:\/\/fieldsofhonor.com\/volunteers\/\" target=\"_self\">\r\n            <div class=\"img-linkcard__bg bg--red\"><\/div>\r\n    \r\n    <div class=\"img-linkcard__content\">\r\n        <div>\r\n            <h4 class=\"img-linkcard__title\">\r\n                Devenir b\u00e9n\u00e9vole            <\/h4>\r\n                    <\/div>\r\n<!--        <span class=\"event-card__link\">-->\r\n<!--            --><!--<i class=\"fa-regular fa-arrow-right ms-2\"><\/i>-->\r\n<!--        <\/span>-->\r\n    <\/div>\r\n<\/a><\/div><\/div>\n<\/div><\/div>\n\r\n<div class=\"eye-block empty-space empty-space--large pt-lg-5 pb-lg-5 pt-4 pb-4\" ><\/div>\n<h3 class=\"wp-block-heading\">D\u00e9clarations de soutien<\/h3>\n\r\n<div class=\"eye-block empty-space empty-space--small pt-md-3 pb-md-3 pt-2 pb-2\" ><\/div>\r\n<div\r\n        class=\"eye-block main-slider  \"\r\n        data-slides-per-view=\"3\"\r\n        data-slide-count=\"5\"\r\n>\r\n\r\n        <div class=\"swiper main-slider__swiper custom-grab-zone\"\r\n         data-slides-per-view=\"3\"\r\n         data-slide-count=\"5\">\r\n        <div class=\"swiper-wrapper\">\r\n                        \r\n            <div class=\"swiper-slide slider-item--vertical\">\r\n                <div class=\"slider-item\">\r\n\r\n                                    <div class=\"slider-item--image \">\r\n                        <img decoding=\"async\"\r\n                                src=\"https:\/\/fieldsofhonor.com\/wp-content\/uploads\/2025\/10\/GVMNamen003-scaled.jpg\"\r\n                                alt=\"\"\r\n                        \/>\r\n                    <\/div>\r\n                \r\n                <div class=\"slider-content \">\r\n                    <div class=\"mb-3\">\r\n                        <h4><\/h4>\r\n\r\n                                            <\/div>\r\n\r\n                                    <\/div>\r\n\r\n            <\/div>\r\n        <\/div>\r\n\r\n                    \r\n            <div class=\"swiper-slide slider-item--vertical\">\r\n                <div class=\"slider-item\">\r\n\r\n                                    <div class=\"slider-item--image \">\r\n                        <img decoding=\"async\"\r\n                                src=\"https:\/\/fieldsofhonor.com\/wp-content\/uploads\/2025\/10\/HRIMG_6336-scaled.jpg\"\r\n                                alt=\"\"\r\n                        \/>\r\n                    <\/div>\r\n                \r\n                <div class=\"slider-content \">\r\n                    <div class=\"mb-3\">\r\n                        <h4><\/h4>\r\n\r\n                                            <\/div>\r\n\r\n                                    <\/div>\r\n\r\n            <\/div>\r\n        <\/div>\r\n\r\n                    \r\n            <div class=\"swiper-slide slider-item--vertical\">\r\n                <div class=\"slider-item\">\r\n\r\n                                    <div class=\"slider-item--image \">\r\n                        <img decoding=\"async\"\r\n                                src=\"https:\/\/fieldsofhonor.com\/wp-content\/uploads\/2025\/10\/webIMG_4524.jpg\"\r\n                                alt=\"\"\r\n                        \/>\r\n                    <\/div>\r\n                \r\n                <div class=\"slider-content \">\r\n                    <div class=\"mb-3\">\r\n                        <h4><\/h4>\r\n\r\n                                            <\/div>\r\n\r\n                                    <\/div>\r\n\r\n            <\/div>\r\n        <\/div>\r\n\r\n                    \r\n            <div class=\"swiper-slide slider-item--vertical\">\r\n                <div class=\"slider-item\">\r\n\r\n                                    <div class=\"slider-item--image \">\r\n                        <img decoding=\"async\"\r\n                                src=\"https:\/\/fieldsofhonor.com\/wp-content\/uploads\/2025\/11\/HRIMG_6372-scaled.jpg\"\r\n                                alt=\"\"\r\n                        \/>\r\n                    <\/div>\r\n                \r\n                <div class=\"slider-content \">\r\n                    <div class=\"mb-3\">\r\n                        <h4><\/h4>\r\n\r\n                                            <\/div>\r\n\r\n                                    <\/div>\r\n\r\n            <\/div>\r\n        <\/div>\r\n\r\n                    \r\n            <div class=\"swiper-slide slider-item--vertical\">\r\n                <div class=\"slider-item\">\r\n\r\n                                    <div class=\"slider-item--image \">\r\n                        <img decoding=\"async\"\r\n                                src=\"https:\/\/fieldsofhonor.com\/wp-content\/uploads\/2025\/10\/FCS_2400-scaled.jpg\"\r\n                                alt=\"\"\r\n                        \/>\r\n                    <\/div>\r\n                \r\n                <div class=\"slider-content \">\r\n                    <div class=\"mb-3\">\r\n                        <h4><\/h4>\r\n\r\n                                            <\/div>\r\n\r\n                                    <\/div>\r\n\r\n            <\/div>\r\n        <\/div>\r\n\r\n        \r\n    <\/div>\r\n\r\n    <div class=\"swiper-button-prev\"><i class=\"fa-solid fa-arrow-left-long\"><\/i><\/div>\r\n    <div class=\"swiper-button-next\"><i class=\"fa-solid fa-arrow-right-long\"><\/i><\/div>\r\n<\/div>\r\n<\/div>\r\n\r\n\r\n<script>\r\n    document.addEventListener('DOMContentLoaded', function () {\r\n        document.querySelectorAll('.main-slider').forEach(function(parentEl) {\r\n            const sliderEl = parentEl.querySelector('.main-slider__swiper');\r\n            if (!sliderEl) return;\r\n\r\n            const rawSlidesPerView = parseFloat(parentEl.dataset.slidesPerView) || 4.5;\r\n            const slideCount = parseInt(parentEl.dataset.slideCount) || 0;\r\n            const finalSlidesPerView = Math.min(rawSlidesPerView, slideCount);\r\n\r\n            new Swiper(sliderEl, {\r\n                loop: false,\r\n                slidesPerView: finalSlidesPerView,\r\n                spaceBetween: 30,\r\n                grabCursor: true,\r\n                navigation: {\r\n                    nextEl: parentEl.querySelector('.swiper-button-next'),\r\n                    prevEl: parentEl.querySelector('.swiper-button-prev'),\r\n                },\r\n                breakpoints: {\r\n                    320: {\r\n                        slidesPerView: Math.min(1.3, finalSlidesPerView),\r\n                        spaceBetween: 20,\r\n                    },\r\n                    768: {\r\n                        slidesPerView: Math.min(2.5, finalSlidesPerView),\r\n                        spaceBetween: 30,\r\n                    },\r\n                    1024: {\r\n                        slidesPerView: Math.min(3.5, finalSlidesPerView),\r\n                        spaceBetween: 40,\r\n                    },\r\n                    1200: {\r\n                        slidesPerView: finalSlidesPerView,\r\n                        spaceBetween: 30,\r\n                    },\r\n                }\r\n            });\r\n        });\r\n    });\r\n<\/script>\r\n\r\n\r\n\r\n<div class=\"eye-block empty-space empty-space--large pt-lg-5 pb-lg-5 pt-4 pb-4\" ><\/div>\n<h2 class=\"wp-block-heading\">En savoir plus<\/h2>\n\r\n<div class=\"eye-block empty-space empty-space--small pt-md-3 pb-md-3 pt-2 pb-2\" ><\/div>\r\n    <div class=\"eye-block end-of-page-slider swiper\">\r\n        <div class=\"swiper-wrapper\">\r\n\r\n            \r\n                \r\n                <div\r\n                        class=\"swiper-slide end-of-page-slider__slide\"\r\n                        style=\"background-image: url(https:\/\/fieldsofhonor.com\/wp-content\/uploads\/2025\/11\/HRIMG_6372-scaled.jpg);\"                >\r\n\r\n                                            <a\r\n                                href=\"https:\/\/fieldsofhonor.com\/fr\/cimetieres\/\"\r\n                                class=\"end-of-page-slider__link-overlay\"\r\n                                aria-label=\"Cimeti\u00e8res\"\r\n                        ><\/a>\r\n                    \r\n                    <div class=\"end-of-page-slider__content\">\r\n                                                    <h2 class=\"end-of-page-slider__title\">\r\n                                Cimeti\u00e8res                            <\/h2>\r\n                        \r\n                                                    <p class=\"end-of-page-slider__subtitle\">\r\n                                Visitez les 6 cimeti\u00e8res et les tombes isol\u00e9es                            <\/p>\r\n                                            <\/div>\r\n\r\n                <\/div>\r\n\r\n            \r\n                \r\n                <div\r\n                        class=\"swiper-slide end-of-page-slider__slide\"\r\n                        style=\"background-image: url(https:\/\/fieldsofhonor.com\/wp-content\/uploads\/2025\/11\/ABRAHAM_Marshall_T_MAR-M-16-7_02origineel.png);\"                >\r\n\r\n                                            <a\r\n                                href=\"https:\/\/fieldsofhonor.com\/fr\/memorial\/\"\r\n                                class=\"end-of-page-slider__link-overlay\"\r\n                                aria-label=\"M\u00e9morial\"\r\n                        ><\/a>\r\n                    \r\n                    <div class=\"end-of-page-slider__content\">\r\n                                                    <h2 class=\"end-of-page-slider__title\">\r\n                                M\u00e9morial                            <\/h2>\r\n                        \r\n                                                    <p class=\"end-of-page-slider__subtitle\">\r\n                                Visitez notre m\u00e9morial num\u00e9rique                            <\/p>\r\n                                            <\/div>\r\n\r\n                <\/div>\r\n\r\n            \r\n                \r\n                <div\r\n                        class=\"swiper-slide end-of-page-slider__slide colored-bg bg--lightgreen\"\r\n                                        >\r\n\r\n                    \r\n                    <div class=\"end-of-page-slider__content\">\r\n                                                    <h2 class=\"end-of-page-slider__title\">\r\n                                Test 3                            <\/h2>\r\n                        \r\n                                                    <p class=\"end-of-page-slider__subtitle\">\r\n                                Dit is een test voor 3                            <\/p>\r\n                                            <\/div>\r\n\r\n                <\/div>\r\n\r\n            \r\n\r\n        <\/div>\r\n    <\/div>\r\n\r\n    <div class=\"swiper-buttons\">\r\n        <div class=\"swiper-button-prev-eops\">\r\n            <i class=\"fa-regular fa-arrow-up-long\"><\/i>\r\n        <\/div>\r\n        <div class=\"swiper-button-next-eops\">\r\n            <i class=\"fa-regular fa-arrow-down-long\"><\/i>\r\n        <\/div>\r\n    <\/div>\r\n\r\n\r\n<script>\r\n    document.addEventListener('DOMContentLoaded', function () {\r\n        const endOfPageSlider = new Swiper('.end-of-page-slider', {\r\n            direction: 'vertical',\r\n            slidesPerView: 1,\r\n            spaceBetween: 0,\r\n            allowTouchMove: false,\r\n            simulateTouch: false,\r\n            grabCursor: false,\r\n            touchEventsTarget: 'container',\r\n            effect: 'cards',\r\n            loop: false,\r\n            navigation: {\r\n                nextEl: '.swiper-button-next-eops',\r\n                prevEl: '.swiper-button-prev-eops',\r\n            },\r\n            cardsEffect: {\r\n                rotate: 0,\r\n            }\r\n        });\r\n    });\r\n<\/script>\r\n\r\n<div class=\"eye-block empty-space empty-space--large pt-lg-5 pb-lg-5 pt-4 pb-4\" ><\/div>","protected":false},"excerpt":{"rendered":"<p>Comment puis-je contribuer\u00a0? D\u00e9clarations de soutien En savoir plus<\/p>\n","protected":false},"author":1,"featured_media":0,"parent":0,"menu_order":0,"comment_status":"closed","ping_status":"closed","template":"","meta":{"_acf_changed":false,"ghostkit_customizer_options":"","ghostkit_custom_css":"","ghostkit_custom_js_head":"","ghostkit_custom_js_foot":"","ghostkit_typography":"","footnotes":""},"class_list":["post-103763","page","type-page","status-publish","hentry"],"acf":[],"yoast_head":"<!-- This site is optimized with the Yoast SEO plugin v27.4 - https:\/\/yoast.com\/product\/yoast-seo-wordpress\/ -->\n<title>Aidez \u00e0 se souvenir - Fields of Honor<\/title>\n<meta name=\"robots\" content=\"index, follow, max-snippet:-1, max-image-preview:large, max-video-preview:-1\" \/>\n<link rel=\"canonical\" href=\"https:\/\/fieldsofhonor.com\/fr\/aidez-a-se-souvenir\/\" \/>\n<meta property=\"og:locale\" content=\"fr_FR\" \/>\n<meta property=\"og:type\" content=\"article\" \/>\n<meta property=\"og:title\" content=\"Aidez \u00e0 se souvenir - Fields of Honor\" \/>\n<meta property=\"og:description\" content=\"Comment puis-je contribuer\u00a0? D\u00e9clarations de soutien En savoir plus\" \/>\n<meta property=\"og:url\" content=\"https:\/\/fieldsofhonor.com\/fr\/aidez-a-se-souvenir\/\" \/>\n<meta property=\"og:site_name\" content=\"Fields of Honor\" \/>\n<meta property=\"article:publisher\" content=\"https:\/\/www.facebook.com\/degezichtenvanmargraten\" \/>\n<meta property=\"article:modified_time\" content=\"2025-12-23T13:34:25+00:00\" \/>\n<meta name=\"twitter:card\" content=\"summary_large_image\" \/>\n<meta name=\"twitter:label1\" content=\"Dur\u00e9e de lecture estim\u00e9e\" \/>\n\t<meta name=\"twitter:data1\" content=\"1 minute\" \/>\n<script type=\"application\/ld+json\" class=\"yoast-schema-graph\">{\"@context\":\"https:\\\/\\\/schema.org\",\"@graph\":[{\"@type\":\"WebPage\",\"@id\":\"https:\\\/\\\/fieldsofhonor.com\\\/fr\\\/aidez-a-se-souvenir\\\/\",\"url\":\"https:\\\/\\\/fieldsofhonor.com\\\/fr\\\/aidez-a-se-souvenir\\\/\",\"name\":\"Aidez \u00e0 se souvenir - Fields of Honor\",\"isPartOf\":{\"@id\":\"https:\\\/\\\/fieldsofhonor.com\\\/#website\"},\"datePublished\":\"2025-10-21T09:00:31+00:00\",\"dateModified\":\"2025-12-23T13:34:25+00:00\",\"breadcrumb\":{\"@id\":\"https:\\\/\\\/fieldsofhonor.com\\\/fr\\\/aidez-a-se-souvenir\\\/#breadcrumb\"},\"inLanguage\":\"fr-FR\",\"potentialAction\":[{\"@type\":\"ReadAction\",\"target\":[\"https:\\\/\\\/fieldsofhonor.com\\\/fr\\\/aidez-a-se-souvenir\\\/\"]}]},{\"@type\":\"BreadcrumbList\",\"@id\":\"https:\\\/\\\/fieldsofhonor.com\\\/fr\\\/aidez-a-se-souvenir\\\/#breadcrumb\",\"itemListElement\":[{\"@type\":\"ListItem\",\"position\":1,\"name\":\"Home\",\"item\":\"https:\\\/\\\/fieldsofhonor.com\\\/fr\\\/accueil\\\/\"},{\"@type\":\"ListItem\",\"position\":2,\"name\":\"Aidez \u00e0 se souvenir\"}]},{\"@type\":\"WebSite\",\"@id\":\"https:\\\/\\\/fieldsofhonor.com\\\/#website\",\"url\":\"https:\\\/\\\/fieldsofhonor.com\\\/\",\"name\":\"Fields of Honor\",\"description\":\"\",\"publisher\":{\"@id\":\"https:\\\/\\\/fieldsofhonor.com\\\/#organization\"},\"potentialAction\":[{\"@type\":\"SearchAction\",\"target\":{\"@type\":\"EntryPoint\",\"urlTemplate\":\"https:\\\/\\\/fieldsofhonor.com\\\/?s={search_term_string}\"},\"query-input\":{\"@type\":\"PropertyValueSpecification\",\"valueRequired\":true,\"valueName\":\"search_term_string\"}}],\"inLanguage\":\"fr-FR\"},{\"@type\":\"Organization\",\"@id\":\"https:\\\/\\\/fieldsofhonor.com\\\/#organization\",\"name\":\"Fields of Honor\",\"url\":\"https:\\\/\\\/fieldsofhonor.com\\\/\",\"logo\":{\"@type\":\"ImageObject\",\"inLanguage\":\"fr-FR\",\"@id\":\"https:\\\/\\\/fieldsofhonor.com\\\/#\\\/schema\\\/logo\\\/image\\\/\",\"url\":\"https:\\\/\\\/fieldsofhonor.com\\\/wp-content\\\/uploads\\\/2025\\\/12\\\/Logo_Cmyk_vierkant-scaled.jpg\",\"contentUrl\":\"https:\\\/\\\/fieldsofhonor.com\\\/wp-content\\\/uploads\\\/2025\\\/12\\\/Logo_Cmyk_vierkant-scaled.jpg\",\"width\":2560,\"height\":2560,\"caption\":\"Fields of Honor\"},\"image\":{\"@id\":\"https:\\\/\\\/fieldsofhonor.com\\\/#\\\/schema\\\/logo\\\/image\\\/\"},\"sameAs\":[\"https:\\\/\\\/www.facebook.com\\\/degezichtenvanmargraten\",\"https:\\\/\\\/www.instagram.com\\\/degezichtenvanmargraten\\\/\",\"https:\\\/\\\/www.youtube.com\\\/@fieldsofhonorfoundation\"]}]}<\/script>\n<!-- \/ Yoast SEO plugin. -->","yoast_head_json":{"title":"Aidez \u00e0 se souvenir - Fields of Honor","robots":{"index":"index","follow":"follow","max-snippet":"max-snippet:-1","max-image-preview":"max-image-preview:large","max-video-preview":"max-video-preview:-1"},"canonical":"https:\/\/fieldsofhonor.com\/fr\/aidez-a-se-souvenir\/","og_locale":"fr_FR","og_type":"article","og_title":"Aidez \u00e0 se souvenir - Fields of Honor","og_description":"Comment puis-je contribuer\u00a0? D\u00e9clarations de soutien En savoir plus","og_url":"https:\/\/fieldsofhonor.com\/fr\/aidez-a-se-souvenir\/","og_site_name":"Fields of Honor","article_publisher":"https:\/\/www.facebook.com\/degezichtenvanmargraten","article_modified_time":"2025-12-23T13:34:25+00:00","twitter_card":"summary_large_image","twitter_misc":{"Dur\u00e9e de lecture estim\u00e9e":"1 minute"},"schema":{"@context":"https:\/\/schema.org","@graph":[{"@type":"WebPage","@id":"https:\/\/fieldsofhonor.com\/fr\/aidez-a-se-souvenir\/","url":"https:\/\/fieldsofhonor.com\/fr\/aidez-a-se-souvenir\/","name":"Aidez \u00e0 se souvenir - Fields of Honor","isPartOf":{"@id":"https:\/\/fieldsofhonor.com\/#website"},"datePublished":"2025-10-21T09:00:31+00:00","dateModified":"2025-12-23T13:34:25+00:00","breadcrumb":{"@id":"https:\/\/fieldsofhonor.com\/fr\/aidez-a-se-souvenir\/#breadcrumb"},"inLanguage":"fr-FR","potentialAction":[{"@type":"ReadAction","target":["https:\/\/fieldsofhonor.com\/fr\/aidez-a-se-souvenir\/"]}]},{"@type":"BreadcrumbList","@id":"https:\/\/fieldsofhonor.com\/fr\/aidez-a-se-souvenir\/#breadcrumb","itemListElement":[{"@type":"ListItem","position":1,"name":"Home","item":"https:\/\/fieldsofhonor.com\/fr\/accueil\/"},{"@type":"ListItem","position":2,"name":"Aidez \u00e0 se souvenir"}]},{"@type":"WebSite","@id":"https:\/\/fieldsofhonor.com\/#website","url":"https:\/\/fieldsofhonor.com\/","name":"Fields of Honor","description":"","publisher":{"@id":"https:\/\/fieldsofhonor.com\/#organization"},"potentialAction":[{"@type":"SearchAction","target":{"@type":"EntryPoint","urlTemplate":"https:\/\/fieldsofhonor.com\/?s={search_term_string}"},"query-input":{"@type":"PropertyValueSpecification","valueRequired":true,"valueName":"search_term_string"}}],"inLanguage":"fr-FR"},{"@type":"Organization","@id":"https:\/\/fieldsofhonor.com\/#organization","name":"Fields of Honor","url":"https:\/\/fieldsofhonor.com\/","logo":{"@type":"ImageObject","inLanguage":"fr-FR","@id":"https:\/\/fieldsofhonor.com\/#\/schema\/logo\/image\/","url":"https:\/\/fieldsofhonor.com\/wp-content\/uploads\/2025\/12\/Logo_Cmyk_vierkant-scaled.jpg","contentUrl":"https:\/\/fieldsofhonor.com\/wp-content\/uploads\/2025\/12\/Logo_Cmyk_vierkant-scaled.jpg","width":2560,"height":2560,"caption":"Fields of Honor"},"image":{"@id":"https:\/\/fieldsofhonor.com\/#\/schema\/logo\/image\/"},"sameAs":["https:\/\/www.facebook.com\/degezichtenvanmargraten","https:\/\/www.instagram.com\/degezichtenvanmargraten\/","https:\/\/www.youtube.com\/@fieldsofhonorfoundation"]}]}},"_links":{"self":[{"href":"https:\/\/fieldsofhonor.com\/fr\/wp-json\/wp\/v2\/pages\/103763","targetHints":{"allow":["GET"]}}],"collection":[{"href":"https:\/\/fieldsofhonor.com\/fr\/wp-json\/wp\/v2\/pages"}],"about":[{"href":"https:\/\/fieldsofhonor.com\/fr\/wp-json\/wp\/v2\/types\/page"}],"author":[{"embeddable":true,"href":"https:\/\/fieldsofhonor.com\/fr\/wp-json\/wp\/v2\/users\/1"}],"replies":[{"embeddable":true,"href":"https:\/\/fieldsofhonor.com\/fr\/wp-json\/wp\/v2\/comments?post=103763"}],"version-history":[{"count":1,"href":"https:\/\/fieldsofhonor.com\/fr\/wp-json\/wp\/v2\/pages\/103763\/revisions"}],"predecessor-version":[{"id":103764,"href":"https:\/\/fieldsofhonor.com\/fr\/wp-json\/wp\/v2\/pages\/103763\/revisions\/103764"}],"wp:attachment":[{"href":"https:\/\/fieldsofhonor.com\/fr\/wp-json\/wp\/v2\/media?parent=103763"}],"curies":[{"name":"wp","href":"https:\/\/api.w.org\/{rel}","templated":true}]}}