{"id":103747,"date":"2025-10-21T08:07:58","date_gmt":"2025-10-21T08:07:58","guid":{"rendered":"https:\/\/fieldsofhonor.com\/les-visages-de-margraten\/2016-2\/"},"modified":"2025-12-23T13:34:15","modified_gmt":"2025-12-23T13:34:15","slug":"2016-2","status":"publish","type":"page","link":"https:\/\/fieldsofhonor.com\/fr\/les-visages-de-margraten\/2016-2\/","title":{"rendered":"2016"},"content":{"rendered":"\n<div class=\"ghostkit-grid ghostkit-grid-gap-md\"><div class=\"ghostkit-grid-inner\">\n<div class=\"ghostkit-col ghostkit-col-lg-12 ghostkit-col-2 is-layout-flow wp-block-ghostkit-grid-column-is-layout-flow\"><div class=\"ghostkit-col-content\"><\/div><\/div>\n\n\n\n<div class=\"ghostkit-col ghostkit-col-lg-12 ghostkit-col-8\"><div class=\"ghostkit-col-content is-layout-flow wp-block-ghostkit-grid-column-is-layout-flow\">\n<h2 class=\"wp-block-heading\">Les Visages de Margraten 2016<\/h2>\n\n\n\r\n<div class=\"eye-block empty-space empty-space--small pt-md-3 pb-md-3 pt-2 pb-2\" ><\/div>\n\n\n<p>Du 1er au 5 mai 2016, la deuxi\u00e8me \u00e9dition de l&rsquo;hommage The Faces of Margraten a eu lieu. Pendant ces journ\u00e9es, des photographies d&rsquo;environ 4 060 soldats enterr\u00e9s ou comm\u00e9mor\u00e9s au cimeti\u00e8re am\u00e9ricain de Margraten ont \u00e9t\u00e9 expos\u00e9es. Environ 22 500 personnes sont venues rendre hommage lors de The Faces of Margraten en 2016. Ensemble avec nous, ils ont embrass\u00e9 la libert\u00e9 !   <\/p>\n<\/div><\/div>\n\n\n\n<div class=\"ghostkit-col ghostkit-col-lg-12 ghostkit-col-2 is-layout-flow wp-block-ghostkit-grid-column-is-layout-flow\"><div class=\"ghostkit-col-content\"><\/div><\/div>\n<\/div><\/div>\n\r\n<div class=\"eye-block empty-space empty-space--large pt-lg-5 pb-lg-5 pt-4 pb-4\" ><\/div>\n<div class=\"ghostkit-video ghostkit-custom-23Bznb\" data-video-type=\"yt_vm_video\" data-video=\"https:\/\/www.youtube.com\/watch?v=EczCDgj4ZF8&amp;feature=youtu.be\" data-video-aspect-ratio=\"16:9\" data-video-volume=\"0\" data-click-action=\"plain\" data-video-autoplay=\"true\" data-video-loop=\"true\"><div class=\"ghostkit-video-play-icon\"><svg class=\"ghostkit-svg-icon\" width=\"24\" height=\"24\" viewBox=\"0 0 24 24\" fill=\"none\" xmlns=\"http:\/\/www.w3.org\/2000\/svg\"><path d=\"M5 4.83167C5 4.0405 5.87525 3.56266 6.54076 3.99049L17.6915 11.1588C18.3038 11.5525 18.3038 12.4475 17.6915 12.8412L6.54076 20.0095C5.87525 20.4373 5 19.9595 5 19.1683V4.83167Z\" fill=\"currentColor\" stroke=\"currentColor\" stroke-width=\"1.5\" stroke-linecap=\"round\" stroke-linejoin=\"round\"\/><\/svg><\/div><div class=\"ghostkit-video-loading-icon\"><span class=\"ghostkit-svg-icon ghostkit-icon-spinner\"><\/span><\/div><\/div>\n\r\n<div class=\"eye-block empty-space empty-space--large pt-lg-5 pb-lg-5 pt-4 pb-4\" ><\/div>\n<figure class=\"wp-block-gallery has-nested-images columns-default is-cropped wp-block-gallery-1 is-layout-flex wp-block-gallery-is-layout-flex\">\n<figure data-wp-context=\"{&quot;imageId&quot;:&quot;6a09cbab78eda&quot;}\" data-wp-interactive=\"core\/image\" data-wp-key=\"6a09cbab78eda\" class=\"wp-block-image size-large wp-lightbox-container\"><img decoding=\"async\" width=\"1024\" height=\"683\" data-wp-class--hide=\"state.isContentHidden\" data-wp-class--show=\"state.isContentVisible\" data-wp-init=\"callbacks.setButtonStyles\" data-wp-on--click=\"actions.showLightbox\" data-wp-on--load=\"callbacks.setButtonStyles\" data-wp-on-window--resize=\"callbacks.setButtonStyles\" data-id=\"485\" src=\"https:\/\/fieldsofhonor.com\/wp-content\/uploads\/2025\/10\/FCS_1696-1024x683.jpg\" alt=\"\" class=\"wp-image-485\" srcset=\"https:\/\/fieldsofhonor.com\/wp-content\/uploads\/2025\/10\/FCS_1696-1024x683.jpg 1024w, https:\/\/fieldsofhonor.com\/wp-content\/uploads\/2025\/10\/FCS_1696-scaled-600x400.jpg 600w, https:\/\/fieldsofhonor.com\/wp-content\/uploads\/2025\/10\/FCS_1696-300x200.jpg 300w, https:\/\/fieldsofhonor.com\/wp-content\/uploads\/2025\/10\/FCS_1696-768x512.jpg 768w, https:\/\/fieldsofhonor.com\/wp-content\/uploads\/2025\/10\/FCS_1696-1536x1024.jpg 1536w, https:\/\/fieldsofhonor.com\/wp-content\/uploads\/2025\/10\/FCS_1696-2048x1365.jpg 2048w\" sizes=\"(max-width: 1024px) 100vw, 1024px\" \/><button\n\t\t\tclass=\"lightbox-trigger\"\n\t\t\ttype=\"button\"\n\t\t\taria-haspopup=\"dialog\"\n\t\t\taria-label=\"Agrandir\"\n\t\t\tdata-wp-init=\"callbacks.initTriggerButton\"\n\t\t\tdata-wp-on--click=\"actions.showLightbox\"\n\t\t\tdata-wp-style--right=\"state.imageButtonRight\"\n\t\t\tdata-wp-style--top=\"state.imageButtonTop\"\n\t\t>\n\t\t\t<svg xmlns=\"http:\/\/www.w3.org\/2000\/svg\" width=\"12\" height=\"12\" fill=\"none\" viewBox=\"0 0 12 12\">\n\t\t\t\t<path fill=\"#fff\" d=\"M2 0a2 2 0 0 0-2 2v2h1.5V2a.5.5 0 0 1 .5-.5h2V0H2Zm2 10.5H2a.5.5 0 0 1-.5-.5V8H0v2a2 2 0 0 0 2 2h2v-1.5ZM8 12v-1.5h2a.5.5 0 0 0 .5-.5V8H12v2a2 2 0 0 1-2 2H8Zm2-12a2 2 0 0 1 2 2v2h-1.5V2a.5.5 0 0 0-.5-.5H8V0h2Z\" \/>\n\t\t\t<\/svg>\n\t\t<\/button><\/figure>\n\n\n\n<figure data-wp-context=\"{&quot;imageId&quot;:&quot;6a09cbab79413&quot;}\" data-wp-interactive=\"core\/image\" data-wp-key=\"6a09cbab79413\" class=\"wp-block-image size-large wp-lightbox-container\"><img decoding=\"async\" width=\"1024\" height=\"683\" data-wp-class--hide=\"state.isContentHidden\" data-wp-class--show=\"state.isContentVisible\" data-wp-init=\"callbacks.setButtonStyles\" data-wp-on--click=\"actions.showLightbox\" data-wp-on--load=\"callbacks.setButtonStyles\" data-wp-on-window--resize=\"callbacks.setButtonStyles\" data-id=\"488\" src=\"https:\/\/fieldsofhonor.com\/wp-content\/uploads\/2025\/10\/FCS_1780-1024x683.jpg\" alt=\"\" class=\"wp-image-488\" srcset=\"https:\/\/fieldsofhonor.com\/wp-content\/uploads\/2025\/10\/FCS_1780-1024x683.jpg 1024w, https:\/\/fieldsofhonor.com\/wp-content\/uploads\/2025\/10\/FCS_1780-scaled-600x400.jpg 600w, https:\/\/fieldsofhonor.com\/wp-content\/uploads\/2025\/10\/FCS_1780-300x200.jpg 300w, https:\/\/fieldsofhonor.com\/wp-content\/uploads\/2025\/10\/FCS_1780-768x512.jpg 768w, https:\/\/fieldsofhonor.com\/wp-content\/uploads\/2025\/10\/FCS_1780-1536x1024.jpg 1536w, https:\/\/fieldsofhonor.com\/wp-content\/uploads\/2025\/10\/FCS_1780-2048x1365.jpg 2048w\" sizes=\"(max-width: 1024px) 100vw, 1024px\" \/><button\n\t\t\tclass=\"lightbox-trigger\"\n\t\t\ttype=\"button\"\n\t\t\taria-haspopup=\"dialog\"\n\t\t\taria-label=\"Agrandir\"\n\t\t\tdata-wp-init=\"callbacks.initTriggerButton\"\n\t\t\tdata-wp-on--click=\"actions.showLightbox\"\n\t\t\tdata-wp-style--right=\"state.imageButtonRight\"\n\t\t\tdata-wp-style--top=\"state.imageButtonTop\"\n\t\t>\n\t\t\t<svg xmlns=\"http:\/\/www.w3.org\/2000\/svg\" width=\"12\" height=\"12\" fill=\"none\" viewBox=\"0 0 12 12\">\n\t\t\t\t<path fill=\"#fff\" d=\"M2 0a2 2 0 0 0-2 2v2h1.5V2a.5.5 0 0 1 .5-.5h2V0H2Zm2 10.5H2a.5.5 0 0 1-.5-.5V8H0v2a2 2 0 0 0 2 2h2v-1.5ZM8 12v-1.5h2a.5.5 0 0 0 .5-.5V8H12v2a2 2 0 0 1-2 2H8Zm2-12a2 2 0 0 1 2 2v2h-1.5V2a.5.5 0 0 0-.5-.5H8V0h2Z\" \/>\n\t\t\t<\/svg>\n\t\t<\/button><\/figure>\n\n\n\n<figure data-wp-context=\"{&quot;imageId&quot;:&quot;6a09cbab798b4&quot;}\" data-wp-interactive=\"core\/image\" data-wp-key=\"6a09cbab798b4\" class=\"wp-block-image size-large wp-lightbox-container\"><img decoding=\"async\" width=\"1024\" height=\"683\" data-wp-class--hide=\"state.isContentHidden\" data-wp-class--show=\"state.isContentVisible\" data-wp-init=\"callbacks.setButtonStyles\" data-wp-on--click=\"actions.showLightbox\" data-wp-on--load=\"callbacks.setButtonStyles\" data-wp-on-window--resize=\"callbacks.setButtonStyles\" data-id=\"491\" src=\"https:\/\/fieldsofhonor.com\/wp-content\/uploads\/2025\/10\/FCS_1814-1024x683.jpg\" alt=\"\" class=\"wp-image-491\" srcset=\"https:\/\/fieldsofhonor.com\/wp-content\/uploads\/2025\/10\/FCS_1814-1024x683.jpg 1024w, https:\/\/fieldsofhonor.com\/wp-content\/uploads\/2025\/10\/FCS_1814-scaled-600x400.jpg 600w, https:\/\/fieldsofhonor.com\/wp-content\/uploads\/2025\/10\/FCS_1814-300x200.jpg 300w, https:\/\/fieldsofhonor.com\/wp-content\/uploads\/2025\/10\/FCS_1814-768x512.jpg 768w, https:\/\/fieldsofhonor.com\/wp-content\/uploads\/2025\/10\/FCS_1814-1536x1024.jpg 1536w, https:\/\/fieldsofhonor.com\/wp-content\/uploads\/2025\/10\/FCS_1814-2048x1365.jpg 2048w\" sizes=\"(max-width: 1024px) 100vw, 1024px\" \/><button\n\t\t\tclass=\"lightbox-trigger\"\n\t\t\ttype=\"button\"\n\t\t\taria-haspopup=\"dialog\"\n\t\t\taria-label=\"Agrandir\"\n\t\t\tdata-wp-init=\"callbacks.initTriggerButton\"\n\t\t\tdata-wp-on--click=\"actions.showLightbox\"\n\t\t\tdata-wp-style--right=\"state.imageButtonRight\"\n\t\t\tdata-wp-style--top=\"state.imageButtonTop\"\n\t\t>\n\t\t\t<svg xmlns=\"http:\/\/www.w3.org\/2000\/svg\" width=\"12\" height=\"12\" fill=\"none\" viewBox=\"0 0 12 12\">\n\t\t\t\t<path fill=\"#fff\" d=\"M2 0a2 2 0 0 0-2 2v2h1.5V2a.5.5 0 0 1 .5-.5h2V0H2Zm2 10.5H2a.5.5 0 0 1-.5-.5V8H0v2a2 2 0 0 0 2 2h2v-1.5ZM8 12v-1.5h2a.5.5 0 0 0 .5-.5V8H12v2a2 2 0 0 1-2 2H8Zm2-12a2 2 0 0 1 2 2v2h-1.5V2a.5.5 0 0 0-.5-.5H8V0h2Z\" \/>\n\t\t\t<\/svg>\n\t\t<\/button><\/figure>\n\n\n\n<figure data-wp-context=\"{&quot;imageId&quot;:&quot;6a09cbab79d5a&quot;}\" data-wp-interactive=\"core\/image\" data-wp-key=\"6a09cbab79d5a\" class=\"wp-block-image size-large wp-lightbox-container\"><img decoding=\"async\" width=\"1024\" height=\"683\" data-wp-class--hide=\"state.isContentHidden\" data-wp-class--show=\"state.isContentVisible\" data-wp-init=\"callbacks.setButtonStyles\" data-wp-on--click=\"actions.showLightbox\" data-wp-on--load=\"callbacks.setButtonStyles\" data-wp-on-window--resize=\"callbacks.setButtonStyles\" data-id=\"494\" src=\"https:\/\/fieldsofhonor.com\/wp-content\/uploads\/2025\/10\/FCS_1842-1024x683.jpg\" alt=\"\" class=\"wp-image-494\" srcset=\"https:\/\/fieldsofhonor.com\/wp-content\/uploads\/2025\/10\/FCS_1842-1024x683.jpg 1024w, https:\/\/fieldsofhonor.com\/wp-content\/uploads\/2025\/10\/FCS_1842-scaled-600x400.jpg 600w, https:\/\/fieldsofhonor.com\/wp-content\/uploads\/2025\/10\/FCS_1842-300x200.jpg 300w, https:\/\/fieldsofhonor.com\/wp-content\/uploads\/2025\/10\/FCS_1842-768x512.jpg 768w, https:\/\/fieldsofhonor.com\/wp-content\/uploads\/2025\/10\/FCS_1842-1536x1024.jpg 1536w, https:\/\/fieldsofhonor.com\/wp-content\/uploads\/2025\/10\/FCS_1842-2048x1365.jpg 2048w\" sizes=\"(max-width: 1024px) 100vw, 1024px\" \/><button\n\t\t\tclass=\"lightbox-trigger\"\n\t\t\ttype=\"button\"\n\t\t\taria-haspopup=\"dialog\"\n\t\t\taria-label=\"Agrandir\"\n\t\t\tdata-wp-init=\"callbacks.initTriggerButton\"\n\t\t\tdata-wp-on--click=\"actions.showLightbox\"\n\t\t\tdata-wp-style--right=\"state.imageButtonRight\"\n\t\t\tdata-wp-style--top=\"state.imageButtonTop\"\n\t\t>\n\t\t\t<svg xmlns=\"http:\/\/www.w3.org\/2000\/svg\" width=\"12\" height=\"12\" fill=\"none\" viewBox=\"0 0 12 12\">\n\t\t\t\t<path fill=\"#fff\" d=\"M2 0a2 2 0 0 0-2 2v2h1.5V2a.5.5 0 0 1 .5-.5h2V0H2Zm2 10.5H2a.5.5 0 0 1-.5-.5V8H0v2a2 2 0 0 0 2 2h2v-1.5ZM8 12v-1.5h2a.5.5 0 0 0 .5-.5V8H12v2a2 2 0 0 1-2 2H8Zm2-12a2 2 0 0 1 2 2v2h-1.5V2a.5.5 0 0 0-.5-.5H8V0h2Z\" \/>\n\t\t\t<\/svg>\n\t\t<\/button><\/figure>\n\n\n\n<figure data-wp-context=\"{&quot;imageId&quot;:&quot;6a09cbab7a1fe&quot;}\" data-wp-interactive=\"core\/image\" data-wp-key=\"6a09cbab7a1fe\" class=\"wp-block-image size-large wp-lightbox-container\"><img decoding=\"async\" width=\"1024\" height=\"683\" data-wp-class--hide=\"state.isContentHidden\" data-wp-class--show=\"state.isContentVisible\" data-wp-init=\"callbacks.setButtonStyles\" data-wp-on--click=\"actions.showLightbox\" data-wp-on--load=\"callbacks.setButtonStyles\" data-wp-on-window--resize=\"callbacks.setButtonStyles\" data-id=\"497\" src=\"https:\/\/fieldsofhonor.com\/wp-content\/uploads\/2025\/10\/FCS_1846-1-1024x683.jpg\" alt=\"\" class=\"wp-image-497\" srcset=\"https:\/\/fieldsofhonor.com\/wp-content\/uploads\/2025\/10\/FCS_1846-1-1024x683.jpg 1024w, https:\/\/fieldsofhonor.com\/wp-content\/uploads\/2025\/10\/FCS_1846-1-scaled-600x400.jpg 600w, https:\/\/fieldsofhonor.com\/wp-content\/uploads\/2025\/10\/FCS_1846-1-300x200.jpg 300w, https:\/\/fieldsofhonor.com\/wp-content\/uploads\/2025\/10\/FCS_1846-1-768x512.jpg 768w, https:\/\/fieldsofhonor.com\/wp-content\/uploads\/2025\/10\/FCS_1846-1-1536x1024.jpg 1536w, https:\/\/fieldsofhonor.com\/wp-content\/uploads\/2025\/10\/FCS_1846-1-2048x1365.jpg 2048w\" sizes=\"(max-width: 1024px) 100vw, 1024px\" \/><button\n\t\t\tclass=\"lightbox-trigger\"\n\t\t\ttype=\"button\"\n\t\t\taria-haspopup=\"dialog\"\n\t\t\taria-label=\"Agrandir\"\n\t\t\tdata-wp-init=\"callbacks.initTriggerButton\"\n\t\t\tdata-wp-on--click=\"actions.showLightbox\"\n\t\t\tdata-wp-style--right=\"state.imageButtonRight\"\n\t\t\tdata-wp-style--top=\"state.imageButtonTop\"\n\t\t>\n\t\t\t<svg xmlns=\"http:\/\/www.w3.org\/2000\/svg\" width=\"12\" height=\"12\" fill=\"none\" viewBox=\"0 0 12 12\">\n\t\t\t\t<path fill=\"#fff\" d=\"M2 0a2 2 0 0 0-2 2v2h1.5V2a.5.5 0 0 1 .5-.5h2V0H2Zm2 10.5H2a.5.5 0 0 1-.5-.5V8H0v2a2 2 0 0 0 2 2h2v-1.5ZM8 12v-1.5h2a.5.5 0 0 0 .5-.5V8H12v2a2 2 0 0 1-2 2H8Zm2-12a2 2 0 0 1 2 2v2h-1.5V2a.5.5 0 0 0-.5-.5H8V0h2Z\" \/>\n\t\t\t<\/svg>\n\t\t<\/button><\/figure>\n\n\n\n<figure data-wp-context=\"{&quot;imageId&quot;:&quot;6a09cbab7a697&quot;}\" data-wp-interactive=\"core\/image\" data-wp-key=\"6a09cbab7a697\" class=\"wp-block-image size-large wp-lightbox-container\"><img decoding=\"async\" width=\"1024\" height=\"683\" data-wp-class--hide=\"state.isContentHidden\" data-wp-class--show=\"state.isContentVisible\" data-wp-init=\"callbacks.setButtonStyles\" data-wp-on--click=\"actions.showLightbox\" data-wp-on--load=\"callbacks.setButtonStyles\" data-wp-on-window--resize=\"callbacks.setButtonStyles\" data-id=\"500\" src=\"https:\/\/fieldsofhonor.com\/wp-content\/uploads\/2025\/10\/kathsphotography-1410-1024x683.jpg\" alt=\"\" class=\"wp-image-500\" srcset=\"https:\/\/fieldsofhonor.com\/wp-content\/uploads\/2025\/10\/kathsphotography-1410-1024x683.jpg 1024w, https:\/\/fieldsofhonor.com\/wp-content\/uploads\/2025\/10\/kathsphotography-1410-scaled-600x400.jpg 600w, https:\/\/fieldsofhonor.com\/wp-content\/uploads\/2025\/10\/kathsphotography-1410-300x200.jpg 300w, https:\/\/fieldsofhonor.com\/wp-content\/uploads\/2025\/10\/kathsphotography-1410-768x512.jpg 768w, https:\/\/fieldsofhonor.com\/wp-content\/uploads\/2025\/10\/kathsphotography-1410-1536x1024.jpg 1536w, https:\/\/fieldsofhonor.com\/wp-content\/uploads\/2025\/10\/kathsphotography-1410-2048x1365.jpg 2048w\" sizes=\"(max-width: 1024px) 100vw, 1024px\" \/><button\n\t\t\tclass=\"lightbox-trigger\"\n\t\t\ttype=\"button\"\n\t\t\taria-haspopup=\"dialog\"\n\t\t\taria-label=\"Agrandir\"\n\t\t\tdata-wp-init=\"callbacks.initTriggerButton\"\n\t\t\tdata-wp-on--click=\"actions.showLightbox\"\n\t\t\tdata-wp-style--right=\"state.imageButtonRight\"\n\t\t\tdata-wp-style--top=\"state.imageButtonTop\"\n\t\t>\n\t\t\t<svg xmlns=\"http:\/\/www.w3.org\/2000\/svg\" width=\"12\" height=\"12\" fill=\"none\" viewBox=\"0 0 12 12\">\n\t\t\t\t<path fill=\"#fff\" d=\"M2 0a2 2 0 0 0-2 2v2h1.5V2a.5.5 0 0 1 .5-.5h2V0H2Zm2 10.5H2a.5.5 0 0 1-.5-.5V8H0v2a2 2 0 0 0 2 2h2v-1.5ZM8 12v-1.5h2a.5.5 0 0 0 .5-.5V8H12v2a2 2 0 0 1-2 2H8Zm2-12a2 2 0 0 1 2 2v2h-1.5V2a.5.5 0 0 0-.5-.5H8V0h2Z\" \/>\n\t\t\t<\/svg>\n\t\t<\/button><\/figure>\n<\/figure>\n\r\n<div class=\"eye-block empty-space empty-space--large pt-lg-5 pb-lg-5 pt-4 pb-4\" ><\/div>","protected":false},"excerpt":{"rendered":"","protected":false},"author":1,"featured_media":0,"parent":103705,"menu_order":0,"comment_status":"closed","ping_status":"closed","template":"","meta":{"_acf_changed":false,"ghostkit_customizer_options":"","ghostkit_custom_css":"","ghostkit_custom_js_head":"","ghostkit_custom_js_foot":"","ghostkit_typography":"","footnotes":""},"class_list":["post-103747","page","type-page","status-publish","hentry"],"acf":[],"yoast_head":"<!-- This site is optimized with the Yoast SEO plugin v27.4 - https:\/\/yoast.com\/product\/yoast-seo-wordpress\/ -->\n<title>2016 - Fields of Honor<\/title>\n<meta name=\"robots\" content=\"index, follow, max-snippet:-1, max-image-preview:large, max-video-preview:-1\" \/>\n<link rel=\"canonical\" href=\"https:\/\/fieldsofhonor.com\/fr\/les-visages-de-margraten\/2016-2\/\" \/>\n<meta property=\"og:locale\" content=\"fr_FR\" \/>\n<meta property=\"og:type\" content=\"article\" \/>\n<meta property=\"og:title\" content=\"2016 - Fields of Honor\" \/>\n<meta property=\"og:url\" content=\"https:\/\/fieldsofhonor.com\/fr\/les-visages-de-margraten\/2016-2\/\" \/>\n<meta property=\"og:site_name\" content=\"Fields of Honor\" \/>\n<meta property=\"article:publisher\" content=\"https:\/\/www.facebook.com\/degezichtenvanmargraten\" \/>\n<meta property=\"article:modified_time\" content=\"2025-12-23T13:34:15+00:00\" \/>\n<meta property=\"og:image\" content=\"https:\/\/fieldsofhonor.com\/wp-content\/uploads\/2025\/10\/FCS_1696-scaled.jpg\" \/>\n\t<meta property=\"og:image:width\" content=\"2560\" \/>\n\t<meta property=\"og:image:height\" content=\"1707\" \/>\n\t<meta property=\"og:image:type\" content=\"image\/jpeg\" \/>\n<meta name=\"twitter:card\" content=\"summary_large_image\" \/>\n<script type=\"application\/ld+json\" class=\"yoast-schema-graph\">{\"@context\":\"https:\\\/\\\/schema.org\",\"@graph\":[{\"@type\":\"WebPage\",\"@id\":\"https:\\\/\\\/fieldsofhonor.com\\\/fr\\\/les-visages-de-margraten\\\/2016-2\\\/\",\"url\":\"https:\\\/\\\/fieldsofhonor.com\\\/fr\\\/les-visages-de-margraten\\\/2016-2\\\/\",\"name\":\"2016 - Fields of Honor\",\"isPartOf\":{\"@id\":\"https:\\\/\\\/fieldsofhonor.com\\\/#website\"},\"primaryImageOfPage\":{\"@id\":\"https:\\\/\\\/fieldsofhonor.com\\\/fr\\\/les-visages-de-margraten\\\/2016-2\\\/#primaryimage\"},\"image\":{\"@id\":\"https:\\\/\\\/fieldsofhonor.com\\\/fr\\\/les-visages-de-margraten\\\/2016-2\\\/#primaryimage\"},\"thumbnailUrl\":\"https:\\\/\\\/fieldsofhonor.com\\\/wp-content\\\/uploads\\\/2025\\\/10\\\/FCS_1696-1024x683.jpg\",\"datePublished\":\"2025-10-21T08:07:58+00:00\",\"dateModified\":\"2025-12-23T13:34:15+00:00\",\"breadcrumb\":{\"@id\":\"https:\\\/\\\/fieldsofhonor.com\\\/fr\\\/les-visages-de-margraten\\\/2016-2\\\/#breadcrumb\"},\"inLanguage\":\"fr-FR\",\"potentialAction\":[{\"@type\":\"ReadAction\",\"target\":[\"https:\\\/\\\/fieldsofhonor.com\\\/fr\\\/les-visages-de-margraten\\\/2016-2\\\/\"]}]},{\"@type\":\"ImageObject\",\"inLanguage\":\"fr-FR\",\"@id\":\"https:\\\/\\\/fieldsofhonor.com\\\/fr\\\/les-visages-de-margraten\\\/2016-2\\\/#primaryimage\",\"url\":\"https:\\\/\\\/fieldsofhonor.com\\\/wp-content\\\/uploads\\\/2025\\\/10\\\/FCS_1696-1024x683.jpg\",\"contentUrl\":\"https:\\\/\\\/fieldsofhonor.com\\\/wp-content\\\/uploads\\\/2025\\\/10\\\/FCS_1696-1024x683.jpg\"},{\"@type\":\"BreadcrumbList\",\"@id\":\"https:\\\/\\\/fieldsofhonor.com\\\/fr\\\/les-visages-de-margraten\\\/2016-2\\\/#breadcrumb\",\"itemListElement\":[{\"@type\":\"ListItem\",\"position\":1,\"name\":\"Home\",\"item\":\"https:\\\/\\\/fieldsofhonor.com\\\/fr\\\/accueil\\\/\"},{\"@type\":\"ListItem\",\"position\":2,\"name\":\"Les visages de Margraten\",\"item\":\"https:\\\/\\\/fieldsofhonor.com\\\/fr\\\/les-visages-de-margraten\\\/\"},{\"@type\":\"ListItem\",\"position\":3,\"name\":\"2016\"}]},{\"@type\":\"WebSite\",\"@id\":\"https:\\\/\\\/fieldsofhonor.com\\\/#website\",\"url\":\"https:\\\/\\\/fieldsofhonor.com\\\/\",\"name\":\"Fields of Honor\",\"description\":\"\",\"publisher\":{\"@id\":\"https:\\\/\\\/fieldsofhonor.com\\\/#organization\"},\"potentialAction\":[{\"@type\":\"SearchAction\",\"target\":{\"@type\":\"EntryPoint\",\"urlTemplate\":\"https:\\\/\\\/fieldsofhonor.com\\\/?s={search_term_string}\"},\"query-input\":{\"@type\":\"PropertyValueSpecification\",\"valueRequired\":true,\"valueName\":\"search_term_string\"}}],\"inLanguage\":\"fr-FR\"},{\"@type\":\"Organization\",\"@id\":\"https:\\\/\\\/fieldsofhonor.com\\\/#organization\",\"name\":\"Fields of Honor\",\"url\":\"https:\\\/\\\/fieldsofhonor.com\\\/\",\"logo\":{\"@type\":\"ImageObject\",\"inLanguage\":\"fr-FR\",\"@id\":\"https:\\\/\\\/fieldsofhonor.com\\\/#\\\/schema\\\/logo\\\/image\\\/\",\"url\":\"https:\\\/\\\/fieldsofhonor.com\\\/wp-content\\\/uploads\\\/2025\\\/12\\\/Logo_Cmyk_vierkant-scaled.jpg\",\"contentUrl\":\"https:\\\/\\\/fieldsofhonor.com\\\/wp-content\\\/uploads\\\/2025\\\/12\\\/Logo_Cmyk_vierkant-scaled.jpg\",\"width\":2560,\"height\":2560,\"caption\":\"Fields of Honor\"},\"image\":{\"@id\":\"https:\\\/\\\/fieldsofhonor.com\\\/#\\\/schema\\\/logo\\\/image\\\/\"},\"sameAs\":[\"https:\\\/\\\/www.facebook.com\\\/degezichtenvanmargraten\",\"https:\\\/\\\/www.instagram.com\\\/degezichtenvanmargraten\\\/\",\"https:\\\/\\\/www.youtube.com\\\/@fieldsofhonorfoundation\"]}]}<\/script>\n<!-- \/ Yoast SEO plugin. -->","yoast_head_json":{"title":"2016 - Fields of Honor","robots":{"index":"index","follow":"follow","max-snippet":"max-snippet:-1","max-image-preview":"max-image-preview:large","max-video-preview":"max-video-preview:-1"},"canonical":"https:\/\/fieldsofhonor.com\/fr\/les-visages-de-margraten\/2016-2\/","og_locale":"fr_FR","og_type":"article","og_title":"2016 - Fields of Honor","og_url":"https:\/\/fieldsofhonor.com\/fr\/les-visages-de-margraten\/2016-2\/","og_site_name":"Fields of Honor","article_publisher":"https:\/\/www.facebook.com\/degezichtenvanmargraten","article_modified_time":"2025-12-23T13:34:15+00:00","og_image":[{"width":2560,"height":1707,"url":"https:\/\/fieldsofhonor.com\/wp-content\/uploads\/2025\/10\/FCS_1696-scaled.jpg","type":"image\/jpeg"}],"twitter_card":"summary_large_image","schema":{"@context":"https:\/\/schema.org","@graph":[{"@type":"WebPage","@id":"https:\/\/fieldsofhonor.com\/fr\/les-visages-de-margraten\/2016-2\/","url":"https:\/\/fieldsofhonor.com\/fr\/les-visages-de-margraten\/2016-2\/","name":"2016 - Fields of Honor","isPartOf":{"@id":"https:\/\/fieldsofhonor.com\/#website"},"primaryImageOfPage":{"@id":"https:\/\/fieldsofhonor.com\/fr\/les-visages-de-margraten\/2016-2\/#primaryimage"},"image":{"@id":"https:\/\/fieldsofhonor.com\/fr\/les-visages-de-margraten\/2016-2\/#primaryimage"},"thumbnailUrl":"https:\/\/fieldsofhonor.com\/wp-content\/uploads\/2025\/10\/FCS_1696-1024x683.jpg","datePublished":"2025-10-21T08:07:58+00:00","dateModified":"2025-12-23T13:34:15+00:00","breadcrumb":{"@id":"https:\/\/fieldsofhonor.com\/fr\/les-visages-de-margraten\/2016-2\/#breadcrumb"},"inLanguage":"fr-FR","potentialAction":[{"@type":"ReadAction","target":["https:\/\/fieldsofhonor.com\/fr\/les-visages-de-margraten\/2016-2\/"]}]},{"@type":"ImageObject","inLanguage":"fr-FR","@id":"https:\/\/fieldsofhonor.com\/fr\/les-visages-de-margraten\/2016-2\/#primaryimage","url":"https:\/\/fieldsofhonor.com\/wp-content\/uploads\/2025\/10\/FCS_1696-1024x683.jpg","contentUrl":"https:\/\/fieldsofhonor.com\/wp-content\/uploads\/2025\/10\/FCS_1696-1024x683.jpg"},{"@type":"BreadcrumbList","@id":"https:\/\/fieldsofhonor.com\/fr\/les-visages-de-margraten\/2016-2\/#breadcrumb","itemListElement":[{"@type":"ListItem","position":1,"name":"Home","item":"https:\/\/fieldsofhonor.com\/fr\/accueil\/"},{"@type":"ListItem","position":2,"name":"Les visages de Margraten","item":"https:\/\/fieldsofhonor.com\/fr\/les-visages-de-margraten\/"},{"@type":"ListItem","position":3,"name":"2016"}]},{"@type":"WebSite","@id":"https:\/\/fieldsofhonor.com\/#website","url":"https:\/\/fieldsofhonor.com\/","name":"Fields of Honor","description":"","publisher":{"@id":"https:\/\/fieldsofhonor.com\/#organization"},"potentialAction":[{"@type":"SearchAction","target":{"@type":"EntryPoint","urlTemplate":"https:\/\/fieldsofhonor.com\/?s={search_term_string}"},"query-input":{"@type":"PropertyValueSpecification","valueRequired":true,"valueName":"search_term_string"}}],"inLanguage":"fr-FR"},{"@type":"Organization","@id":"https:\/\/fieldsofhonor.com\/#organization","name":"Fields of Honor","url":"https:\/\/fieldsofhonor.com\/","logo":{"@type":"ImageObject","inLanguage":"fr-FR","@id":"https:\/\/fieldsofhonor.com\/#\/schema\/logo\/image\/","url":"https:\/\/fieldsofhonor.com\/wp-content\/uploads\/2025\/12\/Logo_Cmyk_vierkant-scaled.jpg","contentUrl":"https:\/\/fieldsofhonor.com\/wp-content\/uploads\/2025\/12\/Logo_Cmyk_vierkant-scaled.jpg","width":2560,"height":2560,"caption":"Fields of Honor"},"image":{"@id":"https:\/\/fieldsofhonor.com\/#\/schema\/logo\/image\/"},"sameAs":["https:\/\/www.facebook.com\/degezichtenvanmargraten","https:\/\/www.instagram.com\/degezichtenvanmargraten\/","https:\/\/www.youtube.com\/@fieldsofhonorfoundation"]}]}},"_links":{"self":[{"href":"https:\/\/fieldsofhonor.com\/fr\/wp-json\/wp\/v2\/pages\/103747","targetHints":{"allow":["GET"]}}],"collection":[{"href":"https:\/\/fieldsofhonor.com\/fr\/wp-json\/wp\/v2\/pages"}],"about":[{"href":"https:\/\/fieldsofhonor.com\/fr\/wp-json\/wp\/v2\/types\/page"}],"author":[{"embeddable":true,"href":"https:\/\/fieldsofhonor.com\/fr\/wp-json\/wp\/v2\/users\/1"}],"replies":[{"embeddable":true,"href":"https:\/\/fieldsofhonor.com\/fr\/wp-json\/wp\/v2\/comments?post=103747"}],"version-history":[{"count":1,"href":"https:\/\/fieldsofhonor.com\/fr\/wp-json\/wp\/v2\/pages\/103747\/revisions"}],"predecessor-version":[{"id":103749,"href":"https:\/\/fieldsofhonor.com\/fr\/wp-json\/wp\/v2\/pages\/103747\/revisions\/103749"}],"up":[{"embeddable":true,"href":"https:\/\/fieldsofhonor.com\/fr\/wp-json\/wp\/v2\/pages\/103705"}],"wp:attachment":[{"href":"https:\/\/fieldsofhonor.com\/fr\/wp-json\/wp\/v2\/media?parent=103747"}],"curies":[{"name":"wp","href":"https:\/\/api.w.org\/{rel}","templated":true}]}}