{"id":103721,"date":"2025-07-18T07:35:14","date_gmt":"2025-07-18T07:35:14","guid":{"rendered":"https:\/\/fieldsofhonor.com\/cimetieres\/"},"modified":"2025-12-23T13:33:42","modified_gmt":"2025-12-23T13:33:42","slug":"cimetieres","status":"publish","type":"page","link":"https:\/\/fieldsofhonor.com\/fr\/cimetieres\/","title":{"rendered":"Cimeti\u00e8res"},"content":{"rendered":"\r\n<div class=\"eye-block hero\">\r\n    <div class=\"hero-content\">\r\n        <div class=\"row\">\r\n            <div class=\"col-12 col-md-5\">\r\n                <div class=\"acf-innerblocks-container\">\n\n<h1 class=\"wp-block-heading\">Cimeti\u00e8res<\/h1>\n\n<\/div>\r\n            <\/div>\r\n        <\/div>\r\n    <\/div>\r\n    <div class=\"hero-video-overlay\"><\/div>\r\n    <div class=\"hero-video\">\r\n                                            <img decoding=\"async\" src=\"https:\/\/fieldsofhonor.com\/wp-content\/uploads\/2025\/07\/51309327159_599c7fdc76_o-1-scaled.jpg\"\r\n                     alt=\"\"\r\n                     class=\"img-fluid\">\r\n                        <\/div>\r\n<\/div>\r\n\r\n<script>\r\n    document.addEventListener('DOMContentLoaded', () => {\r\n        document.querySelectorAll('.hero').forEach(container => {\r\n            const headings = container.querySelectorAll('h1, h2, h3, h4, h5, h6');\r\n            const paragraphs = container.querySelectorAll('p');\r\n\r\n            if (headings.length >= 1 && paragraphs.length === 0) {\r\n                container.classList.add('content-only-title');\r\n            } else {\r\n                container.classList.add('content-has-text');\r\n            }\r\n        });\r\n    });\r\n<\/script>\r\n<div class=\"eye-block empty-space empty-space--large pt-lg-5 pb-lg-5 pt-4 pb-4\" ><\/div>\n<div class=\"ghostkit-grid ghostkit-grid-gap-md\"><div class=\"ghostkit-grid-inner\">\n<div class=\"ghostkit-col ghostkit-col-lg-12 ghostkit-col-2 is-layout-flow wp-block-ghostkit-grid-column-is-layout-flow\"><div class=\"ghostkit-col-content\"><\/div><\/div>\n\n\n\n<div class=\"ghostkit-col ghostkit-col-lg-12 ghostkit-col-8\"><div class=\"ghostkit-col-content is-layout-flow wp-block-ghostkit-grid-column-is-layout-flow\">\n<p>Environ 400 000 soldats am\u00e9ricains ont perdu la vie pendant la Seconde Guerre mondiale. Leurs plus proches parents ont \u00e9t\u00e9 confront\u00e9s \u00e0 une d\u00e9cision difficile apr\u00e8s la fin de la guerre. Ils pouvaient soit rapatrier les restes de leurs proches aux \u00c9tats-Unis, soit les laisser reposer \u00e9ternellement sur les anciens champs de bataille. Finalement, quatorze nouveaux cimeti\u00e8res am\u00e9ricains ont \u00e9t\u00e9 cr\u00e9\u00e9s, dont douze en Europe. Ces cimeti\u00e8res sont le lieu de repos final d&rsquo;environ 90 000 soldats. Ce m\u00e9morial virtuel se souvient d&rsquo;environ la moiti\u00e9 de ces hommes et femmes. Ils sont soit enterr\u00e9s, soit comm\u00e9mor\u00e9s comme disparus dans les cimeti\u00e8res de guerre am\u00e9ricains d&rsquo;outre-mer d&rsquo;Ardennes, d&rsquo;\u00c9pinal, d&rsquo;Henri-Chapelle, de Lorraine, de Luxembourg et de Margraten. Ces champs d&rsquo;honneur sont situ\u00e9s en Belgique, en France, au Luxembourg et aux Pays-Bas.       <\/p>\n<\/div><\/div>\n\n\n\n<div class=\"ghostkit-col ghostkit-col-lg-12 ghostkit-col-2 is-layout-flow wp-block-ghostkit-grid-column-is-layout-flow\"><div class=\"ghostkit-col-content\"><\/div><\/div>\n<\/div><\/div>\n\r\n<div class=\"eye-block empty-space empty-space--large pt-lg-5 pb-lg-5 pt-4 pb-4\" ><\/div>\n<h2 class=\"wp-block-heading\">Les champs d&rsquo;honneur<\/h2>\n\r\n<div class=\"eye-block empty-space empty-space--small pt-md-3 pb-md-3 pt-2 pb-2\" ><\/div>\r\n<div class=\"eye-block cemeteries-grid\">\r\n    <div class=\"row\">\r\n                                                    <div class=\"col-md-6 col-lg-6 mb-4\">\r\n                    <a href=\"https:\/\/fieldsofhonor.com\/fr\/cemetery\/margraten\/\" class=\"cemetery-item-card\">\r\n                                                    <img decoding=\"async\" src=\"https:\/\/fieldsofhonor.com\/wp-content\/uploads\/2025\/07\/Margraten-1-scaled.jpg\" alt=\"Margraten\"\r\n                                 class=\"img-fluid cemetery-item-image\">\r\n                            <div class=\"image-overlay\"><\/div>\r\n                                                <div class=\"cemetery-item-content\">\r\n                            <h3 class=\"cemetery-item-title\">Margraten<\/h3>\r\n                            <span class=\"cemetery-item-link\">Lire la suite<i\r\n                                        class=\"fa-regular fa-arrow-right ms-2\"><\/i><\/span>\r\n                        <\/div>\r\n                    <\/a>\r\n                <\/div>\r\n                                            <div class=\"col-md-6 col-lg-6 mb-4\">\r\n                    <a href=\"https:\/\/fieldsofhonor.com\/fr\/cemetery\/henri-chapelle\/\" class=\"cemetery-item-card\">\r\n                                                    <img decoding=\"async\" src=\"https:\/\/fieldsofhonor.com\/wp-content\/uploads\/2025\/07\/HenriChapelle-8-scaled.jpg\" alt=\"Henri-Chapelle\"\r\n                                 class=\"img-fluid cemetery-item-image\">\r\n                            <div class=\"image-overlay\"><\/div>\r\n                                                <div class=\"cemetery-item-content\">\r\n                            <h3 class=\"cemetery-item-title\">Henri-Chapelle<\/h3>\r\n                            <span class=\"cemetery-item-link\">Lire la suite<i\r\n                                        class=\"fa-regular fa-arrow-right ms-2\"><\/i><\/span>\r\n                        <\/div>\r\n                    <\/a>\r\n                <\/div>\r\n                                            <div class=\"col-md-6 col-lg-6 mb-4\">\r\n                    <a href=\"https:\/\/fieldsofhonor.com\/fr\/cemetery\/ardennes\/\" class=\"cemetery-item-card\">\r\n                                                    <img decoding=\"async\" src=\"https:\/\/fieldsofhonor.com\/wp-content\/uploads\/2025\/07\/IMG_8922-scaled.jpg\" alt=\"Ardennes\"\r\n                                 class=\"img-fluid cemetery-item-image\">\r\n                            <div class=\"image-overlay\"><\/div>\r\n                                                <div class=\"cemetery-item-content\">\r\n                            <h3 class=\"cemetery-item-title\">Ardennes<\/h3>\r\n                            <span class=\"cemetery-item-link\">Lire la suite<i\r\n                                        class=\"fa-regular fa-arrow-right ms-2\"><\/i><\/span>\r\n                        <\/div>\r\n                    <\/a>\r\n                <\/div>\r\n                                            <div class=\"col-md-6 col-lg-6 mb-4\">\r\n                    <a href=\"https:\/\/fieldsofhonor.com\/fr\/cemetery\/epinal\/\" class=\"cemetery-item-card\">\r\n                                                    <img decoding=\"async\" src=\"https:\/\/fieldsofhonor.com\/wp-content\/uploads\/2025\/07\/51309327159_599c7fdc76_o-scaled.jpg\" alt=\"\u00c9pinal\"\r\n                                 class=\"img-fluid cemetery-item-image\">\r\n                            <div class=\"image-overlay\"><\/div>\r\n                                                <div class=\"cemetery-item-content\">\r\n                            <h3 class=\"cemetery-item-title\">\u00c9pinal<\/h3>\r\n                            <span class=\"cemetery-item-link\">Lire la suite<i\r\n                                        class=\"fa-regular fa-arrow-right ms-2\"><\/i><\/span>\r\n                        <\/div>\r\n                    <\/a>\r\n                <\/div>\r\n                                            <div class=\"col-md-6 col-lg-6 mb-4\">\r\n                    <a href=\"https:\/\/fieldsofhonor.com\/fr\/cemetery\/luxembourg\/\" class=\"cemetery-item-card\">\r\n                                                    <img decoding=\"async\" src=\"https:\/\/fieldsofhonor.com\/wp-content\/uploads\/2025\/07\/51387202117_39aa4d734b_o-scaled.jpg\" alt=\"Luxembourg\"\r\n                                 class=\"img-fluid cemetery-item-image\">\r\n                            <div class=\"image-overlay\"><\/div>\r\n                                                <div class=\"cemetery-item-content\">\r\n                            <h3 class=\"cemetery-item-title\">Luxembourg<\/h3>\r\n                            <span class=\"cemetery-item-link\">Lire la suite<i\r\n                                        class=\"fa-regular fa-arrow-right ms-2\"><\/i><\/span>\r\n                        <\/div>\r\n                    <\/a>\r\n                <\/div>\r\n                                            <div class=\"col-md-6 col-lg-6 mb-4\">\r\n                    <a href=\"https:\/\/fieldsofhonor.com\/fr\/cemetery\/lorraine\/\" class=\"cemetery-item-card\">\r\n                                                    <img decoding=\"async\" src=\"https:\/\/fieldsofhonor.com\/wp-content\/uploads\/2025\/07\/51359271584_0cd89e19e2_6k-scaled.jpg\" alt=\"Lorraine\"\r\n                                 class=\"img-fluid cemetery-item-image\">\r\n                            <div class=\"image-overlay\"><\/div>\r\n                                                <div class=\"cemetery-item-content\">\r\n                            <h3 class=\"cemetery-item-title\">Lorraine<\/h3>\r\n                            <span class=\"cemetery-item-link\">Lire la suite<i\r\n                                        class=\"fa-regular fa-arrow-right ms-2\"><\/i><\/span>\r\n                        <\/div>\r\n                    <\/a>\r\n                <\/div>\r\n                                    <\/div>\r\n<\/div>\r\n<div class=\"eye-block empty-space empty-space--large pt-lg-5 pb-lg-5 pt-4 pb-4\" ><\/div>\n<div class=\"ghostkit-grid ghostkit-grid-gap-md\"><div class=\"ghostkit-grid-inner\">\n<div class=\"ghostkit-col ghostkit-col-lg-12 ghostkit-col-1 is-layout-flow wp-block-ghostkit-grid-column-is-layout-flow\"><div class=\"ghostkit-col-content\"><\/div><\/div>\n\n\n\n<div class=\"ghostkit-col ghostkit-col-lg-12 ghostkit-col-10\"><div class=\"ghostkit-col-content is-layout-flow wp-block-ghostkit-grid-column-is-layout-flow\">\n<div class=\"ghostkit-grid ghostkit-grid-gap-md ghostkit-grid-align-items-center\"><div class=\"ghostkit-grid-inner\">\n<div class=\"ghostkit-col ghostkit-col-md-12 ghostkit-col-6\"><div class=\"ghostkit-col-content is-layout-flow wp-block-ghostkit-grid-column-is-layout-flow\">\n<h2 class=\"wp-block-heading\">Le temps ne ternira pas leur gloire<\/h2>\n\n\n\r\n<div class=\"eye-block empty-space empty-space--small pt-md-3 pb-md-3 pt-2 pb-2\" ><\/div>\n\n\n<p>Depuis 1923, l&rsquo;American Battle Monuments Commission s&rsquo;occupe des cimeti\u00e8res am\u00e9ricains d&rsquo;outre-mer. Aujourd&rsquo;hui, elle administre 26 cimeti\u00e8res dans le monde entier, ainsi que des dizaines de monuments. <\/p>\n<\/div><\/div>\n\n\n\n<div class=\"ghostkit-col ghostkit-col-md-12 ghostkit-col-6\"><div class=\"ghostkit-col-content is-layout-flow wp-block-ghostkit-grid-column-is-layout-flow\">\n<div class=\"ghostkit-video ghostkit-custom-ZUVMKX\" data-video-type=\"video\" data-video=\"mp4:https:\/\/fieldsofhonor.com\/wp-content\/uploads\/2025\/12\/Time-will-not-dim-their-glory.mp4\" data-video-aspect-ratio=\"16:9\" data-video-volume=\"100\" data-click-action=\"plain\" data-video-autoplay=\"true\" data-video-loop=\"true\"><div class=\"ghostkit-video-play-icon\"><svg class=\"ghostkit-svg-icon\" width=\"24\" height=\"24\" viewBox=\"0 0 24 24\" fill=\"none\" xmlns=\"http:\/\/www.w3.org\/2000\/svg\"><path d=\"M5 4.83167C5 4.0405 5.87525 3.56266 6.54076 3.99049L17.6915 11.1588C18.3038 11.5525 18.3038 12.4475 17.6915 12.8412L6.54076 20.0095C5.87525 20.4373 5 19.9595 5 19.1683V4.83167Z\" fill=\"currentColor\" stroke=\"currentColor\" stroke-width=\"1.5\" stroke-linecap=\"round\" stroke-linejoin=\"round\"\/><\/svg><\/div><div class=\"ghostkit-video-loading-icon\"><span class=\"ghostkit-svg-icon ghostkit-icon-spinner\"><\/span><\/div><\/div>\n<\/div><\/div>\n<\/div><\/div>\n<\/div><\/div>\n\n\n\n<div class=\"ghostkit-col ghostkit-col-lg-12 ghostkit-col-1 is-layout-flow wp-block-ghostkit-grid-column-is-layout-flow\"><div class=\"ghostkit-col-content\"><\/div><\/div>\n<\/div><\/div>\n\r\n<div class=\"eye-block empty-space empty-space--large pt-lg-5 pb-lg-5 pt-4 pb-4\" ><\/div>","protected":false},"excerpt":{"rendered":"<p>Les champs d&rsquo;honneur<\/p>\n","protected":false},"author":1,"featured_media":0,"parent":0,"menu_order":0,"comment_status":"closed","ping_status":"closed","template":"","meta":{"_acf_changed":false,"ghostkit_customizer_options":"","ghostkit_custom_css":"","ghostkit_custom_js_head":"","ghostkit_custom_js_foot":"","ghostkit_typography":"","footnotes":""},"class_list":["post-103721","page","type-page","status-publish","hentry"],"acf":[],"yoast_head":"<!-- This site is optimized with the Yoast SEO plugin v27.4 - https:\/\/yoast.com\/product\/yoast-seo-wordpress\/ -->\n<title>Cimeti\u00e8res - Fields of Honor<\/title>\n<meta name=\"robots\" content=\"index, follow, max-snippet:-1, max-image-preview:large, max-video-preview:-1\" \/>\n<link rel=\"canonical\" href=\"https:\/\/fieldsofhonor.com\/fr\/cimetieres\/\" \/>\n<meta property=\"og:locale\" content=\"fr_FR\" \/>\n<meta property=\"og:type\" content=\"article\" \/>\n<meta property=\"og:title\" content=\"Cimeti\u00e8res - Fields of Honor\" \/>\n<meta property=\"og:description\" content=\"Les champs d&rsquo;honneur\" \/>\n<meta property=\"og:url\" content=\"https:\/\/fieldsofhonor.com\/fr\/cimetieres\/\" \/>\n<meta property=\"og:site_name\" content=\"Fields of Honor\" \/>\n<meta property=\"article:publisher\" content=\"https:\/\/www.facebook.com\/degezichtenvanmargraten\" \/>\n<meta property=\"article:modified_time\" content=\"2025-12-23T13:33:42+00:00\" \/>\n<meta name=\"twitter:card\" content=\"summary_large_image\" \/>\n<meta name=\"twitter:label1\" content=\"Dur\u00e9e de lecture estim\u00e9e\" \/>\n\t<meta name=\"twitter:data1\" content=\"1 minute\" \/>\n<script type=\"application\/ld+json\" class=\"yoast-schema-graph\">{\"@context\":\"https:\\\/\\\/schema.org\",\"@graph\":[{\"@type\":\"WebPage\",\"@id\":\"https:\\\/\\\/fieldsofhonor.com\\\/fr\\\/cimetieres\\\/\",\"url\":\"https:\\\/\\\/fieldsofhonor.com\\\/fr\\\/cimetieres\\\/\",\"name\":\"Cimeti\u00e8res - Fields of Honor\",\"isPartOf\":{\"@id\":\"https:\\\/\\\/fieldsofhonor.com\\\/#website\"},\"datePublished\":\"2025-07-18T07:35:14+00:00\",\"dateModified\":\"2025-12-23T13:33:42+00:00\",\"breadcrumb\":{\"@id\":\"https:\\\/\\\/fieldsofhonor.com\\\/fr\\\/cimetieres\\\/#breadcrumb\"},\"inLanguage\":\"fr-FR\",\"potentialAction\":[{\"@type\":\"ReadAction\",\"target\":[\"https:\\\/\\\/fieldsofhonor.com\\\/fr\\\/cimetieres\\\/\"]}]},{\"@type\":\"BreadcrumbList\",\"@id\":\"https:\\\/\\\/fieldsofhonor.com\\\/fr\\\/cimetieres\\\/#breadcrumb\",\"itemListElement\":[{\"@type\":\"ListItem\",\"position\":1,\"name\":\"Home\",\"item\":\"https:\\\/\\\/fieldsofhonor.com\\\/fr\\\/accueil\\\/\"},{\"@type\":\"ListItem\",\"position\":2,\"name\":\"Cimeti\u00e8res\"}]},{\"@type\":\"WebSite\",\"@id\":\"https:\\\/\\\/fieldsofhonor.com\\\/#website\",\"url\":\"https:\\\/\\\/fieldsofhonor.com\\\/\",\"name\":\"Fields of Honor\",\"description\":\"\",\"publisher\":{\"@id\":\"https:\\\/\\\/fieldsofhonor.com\\\/#organization\"},\"potentialAction\":[{\"@type\":\"SearchAction\",\"target\":{\"@type\":\"EntryPoint\",\"urlTemplate\":\"https:\\\/\\\/fieldsofhonor.com\\\/?s={search_term_string}\"},\"query-input\":{\"@type\":\"PropertyValueSpecification\",\"valueRequired\":true,\"valueName\":\"search_term_string\"}}],\"inLanguage\":\"fr-FR\"},{\"@type\":\"Organization\",\"@id\":\"https:\\\/\\\/fieldsofhonor.com\\\/#organization\",\"name\":\"Fields of Honor\",\"url\":\"https:\\\/\\\/fieldsofhonor.com\\\/\",\"logo\":{\"@type\":\"ImageObject\",\"inLanguage\":\"fr-FR\",\"@id\":\"https:\\\/\\\/fieldsofhonor.com\\\/#\\\/schema\\\/logo\\\/image\\\/\",\"url\":\"https:\\\/\\\/fieldsofhonor.com\\\/wp-content\\\/uploads\\\/2025\\\/12\\\/Logo_Cmyk_vierkant-scaled.jpg\",\"contentUrl\":\"https:\\\/\\\/fieldsofhonor.com\\\/wp-content\\\/uploads\\\/2025\\\/12\\\/Logo_Cmyk_vierkant-scaled.jpg\",\"width\":2560,\"height\":2560,\"caption\":\"Fields of Honor\"},\"image\":{\"@id\":\"https:\\\/\\\/fieldsofhonor.com\\\/#\\\/schema\\\/logo\\\/image\\\/\"},\"sameAs\":[\"https:\\\/\\\/www.facebook.com\\\/degezichtenvanmargraten\",\"https:\\\/\\\/www.instagram.com\\\/degezichtenvanmargraten\\\/\",\"https:\\\/\\\/www.youtube.com\\\/@fieldsofhonorfoundation\"]}]}<\/script>\n<!-- \/ Yoast SEO plugin. -->","yoast_head_json":{"title":"Cimeti\u00e8res - Fields of Honor","robots":{"index":"index","follow":"follow","max-snippet":"max-snippet:-1","max-image-preview":"max-image-preview:large","max-video-preview":"max-video-preview:-1"},"canonical":"https:\/\/fieldsofhonor.com\/fr\/cimetieres\/","og_locale":"fr_FR","og_type":"article","og_title":"Cimeti\u00e8res - Fields of Honor","og_description":"Les champs d&rsquo;honneur","og_url":"https:\/\/fieldsofhonor.com\/fr\/cimetieres\/","og_site_name":"Fields of Honor","article_publisher":"https:\/\/www.facebook.com\/degezichtenvanmargraten","article_modified_time":"2025-12-23T13:33:42+00:00","twitter_card":"summary_large_image","twitter_misc":{"Dur\u00e9e de lecture estim\u00e9e":"1 minute"},"schema":{"@context":"https:\/\/schema.org","@graph":[{"@type":"WebPage","@id":"https:\/\/fieldsofhonor.com\/fr\/cimetieres\/","url":"https:\/\/fieldsofhonor.com\/fr\/cimetieres\/","name":"Cimeti\u00e8res - Fields of Honor","isPartOf":{"@id":"https:\/\/fieldsofhonor.com\/#website"},"datePublished":"2025-07-18T07:35:14+00:00","dateModified":"2025-12-23T13:33:42+00:00","breadcrumb":{"@id":"https:\/\/fieldsofhonor.com\/fr\/cimetieres\/#breadcrumb"},"inLanguage":"fr-FR","potentialAction":[{"@type":"ReadAction","target":["https:\/\/fieldsofhonor.com\/fr\/cimetieres\/"]}]},{"@type":"BreadcrumbList","@id":"https:\/\/fieldsofhonor.com\/fr\/cimetieres\/#breadcrumb","itemListElement":[{"@type":"ListItem","position":1,"name":"Home","item":"https:\/\/fieldsofhonor.com\/fr\/accueil\/"},{"@type":"ListItem","position":2,"name":"Cimeti\u00e8res"}]},{"@type":"WebSite","@id":"https:\/\/fieldsofhonor.com\/#website","url":"https:\/\/fieldsofhonor.com\/","name":"Fields of Honor","description":"","publisher":{"@id":"https:\/\/fieldsofhonor.com\/#organization"},"potentialAction":[{"@type":"SearchAction","target":{"@type":"EntryPoint","urlTemplate":"https:\/\/fieldsofhonor.com\/?s={search_term_string}"},"query-input":{"@type":"PropertyValueSpecification","valueRequired":true,"valueName":"search_term_string"}}],"inLanguage":"fr-FR"},{"@type":"Organization","@id":"https:\/\/fieldsofhonor.com\/#organization","name":"Fields of Honor","url":"https:\/\/fieldsofhonor.com\/","logo":{"@type":"ImageObject","inLanguage":"fr-FR","@id":"https:\/\/fieldsofhonor.com\/#\/schema\/logo\/image\/","url":"https:\/\/fieldsofhonor.com\/wp-content\/uploads\/2025\/12\/Logo_Cmyk_vierkant-scaled.jpg","contentUrl":"https:\/\/fieldsofhonor.com\/wp-content\/uploads\/2025\/12\/Logo_Cmyk_vierkant-scaled.jpg","width":2560,"height":2560,"caption":"Fields of Honor"},"image":{"@id":"https:\/\/fieldsofhonor.com\/#\/schema\/logo\/image\/"},"sameAs":["https:\/\/www.facebook.com\/degezichtenvanmargraten","https:\/\/www.instagram.com\/degezichtenvanmargraten\/","https:\/\/www.youtube.com\/@fieldsofhonorfoundation"]}]}},"_links":{"self":[{"href":"https:\/\/fieldsofhonor.com\/fr\/wp-json\/wp\/v2\/pages\/103721","targetHints":{"allow":["GET"]}}],"collection":[{"href":"https:\/\/fieldsofhonor.com\/fr\/wp-json\/wp\/v2\/pages"}],"about":[{"href":"https:\/\/fieldsofhonor.com\/fr\/wp-json\/wp\/v2\/types\/page"}],"author":[{"embeddable":true,"href":"https:\/\/fieldsofhonor.com\/fr\/wp-json\/wp\/v2\/users\/1"}],"replies":[{"embeddable":true,"href":"https:\/\/fieldsofhonor.com\/fr\/wp-json\/wp\/v2\/comments?post=103721"}],"version-history":[{"count":1,"href":"https:\/\/fieldsofhonor.com\/fr\/wp-json\/wp\/v2\/pages\/103721\/revisions"}],"predecessor-version":[{"id":103722,"href":"https:\/\/fieldsofhonor.com\/fr\/wp-json\/wp\/v2\/pages\/103721\/revisions\/103722"}],"wp:attachment":[{"href":"https:\/\/fieldsofhonor.com\/fr\/wp-json\/wp\/v2\/media?parent=103721"}],"curies":[{"name":"wp","href":"https:\/\/api.w.org\/{rel}","templated":true}]}}