{"id":103699,"date":"2025-07-23T08:04:16","date_gmt":"2025-07-23T08:04:16","guid":{"rendered":"https:\/\/fieldsofhonor.com\/benevoles\/"},"modified":"2025-12-23T13:34:24","modified_gmt":"2025-12-23T13:34:24","slug":"benevoles","status":"publish","type":"page","link":"https:\/\/fieldsofhonor.com\/fr\/aidez-a-se-souvenir\/benevoles\/","title":{"rendered":"B\u00e9n\u00e9voles"},"content":{"rendered":"\n<div class=\"ghostkit-grid ghostkit-grid-gap-lg ghostkit-grid-justify-content-center animate-columns equal-height-columns\"><div class=\"ghostkit-grid-inner\">\n<div class=\"ghostkit-col ghostkit-col-md-12 ghostkit-col-lg-12 ghostkit-col-6\"><div class=\"ghostkit-col-content is-layout-flow wp-block-ghostkit-grid-column-is-layout-flow\">\n<h1 class=\"wp-block-heading has-text-align-left\">Participez en tant que b\u00e9n\u00e9vole<\/h1>\n\n\n\r\n<div class=\"eye-block empty-space empty-space--small pt-md-3 pb-md-3 pt-2 pb-2\" ><\/div>\n\n\n<p class=\"has-text-align-left\">Les b\u00e9n\u00e9voles sont au c\u0153ur de la Fondation Fields of Honour. Gr\u00e2ce \u00e0 leurs efforts, le m\u00e9morial num\u00e9rique continue de s\u2019enrichir chaque jour de nouveaux visages et de nouvelles histoires. Ils sont \u00e9galement \u00e0 l\u2019origine de l\u2019hommage The Faces of Margraten. Souhaitez-vous contribuer \u00e0 notre mission ? D\u00e9couvrez ici ce que nous recherchons ou contactez-nous via le formulaire ci-dessous si vous avez une bonne id\u00e9e !    <\/p>\n\n\n\n<p class=\"has-text-align-left\">Vous pouvez nous envoyer des informations en utilisant le formulaire ci-dessous. Veuillez uniquement envoyer des informations ou d\u2019autres documents, tels que des photographies, que vous poss\u00e9dez ou pour lesquels vous avez obtenu l\u2019autorisation de la source originale de les ajouter \u00e0 notre base de donn\u00e9es. <\/p>\n<\/div><\/div>\n\n\n\n<div class=\"ghostkit-col ghostkit-col-md-12 ghostkit-col-lg-12 ghostkit-col-6\"><div class=\"ghostkit-col-content is-layout-flow wp-block-ghostkit-grid-column-is-layout-flow\"><style id=\"wpforms-css-vars-582-block-3f91d094-f25f-47b0-95a0-40bfedcc55f3\">\n\t\t\t\t#wpforms-582.wpforms-block-3f91d094-f25f-47b0-95a0-40bfedcc55f3 {\n\t\t\t\t--wpforms-field-size-input-height: 43px;\n--wpforms-field-size-input-spacing: 15px;\n--wpforms-field-size-font-size: 16px;\n--wpforms-field-size-line-height: 19px;\n--wpforms-field-size-padding-h: 14px;\n--wpforms-field-size-checkbox-size: 16px;\n--wpforms-field-size-sublabel-spacing: 5px;\n--wpforms-field-size-icon-size: 1;\n--wpforms-label-size-font-size: 16px;\n--wpforms-label-size-line-height: 19px;\n--wpforms-label-size-sublabel-font-size: 14px;\n--wpforms-label-size-sublabel-line-height: 17px;\n--wpforms-button-size-font-size: 17px;\n--wpforms-button-size-height: 41px;\n--wpforms-button-size-padding-h: 15px;\n--wpforms-button-size-margin-top: 10px;\n--wpforms-container-shadow-size-box-shadow: none;\n\t\t\t}\n\t\t\t<\/style><div class=\"wpforms-container wpforms-container-full wpforms-block wpforms-block-3f91d094-f25f-47b0-95a0-40bfedcc55f3 wpforms-render-modern\" id=\"wpforms-582\"><form id=\"wpforms-form-582\" class=\"wpforms-validate wpforms-form wpforms-ajax-form\" data-formid=\"582\" method=\"post\" enctype=\"multipart\/form-data\" action=\"\/fr\/wp-json\/wp\/v2\/pages\/103699?wpforms_form_id=582\" data-token=\"f37d13c78abf396d319192cc0d1fdc9d\" data-token-time=\"1779022848\"><noscript class=\"wpforms-error-noscript\">Veuillez activer JavaScript dans votre navigateur pour remplir ce formulaire.<\/noscript><div id=\"wpforms-error-noscript\" style=\"display: none;\">Veuillez activer JavaScript dans votre navigateur pour remplir ce formulaire.<\/div><div class=\"wpforms-field-container\"><div id=\"wpforms-582-field_1-container\" class=\"wpforms-field wpforms-field-name\" data-field-id=\"1\"><fieldset><legend class=\"wpforms-field-label\">Name <span class=\"wpforms-required-label\" aria-hidden=\"true\">*<\/span><\/legend><div class=\"wpforms-field-row wpforms-field-medium\"><div class=\"wpforms-field-row-block wpforms-first wpforms-one-half\"><input type=\"text\" id=\"wpforms-582-field_1\" class=\"wpforms-field-name-first wpforms-field-required\" name=\"wpforms[fields][1][first]\" aria-errormessage=\"wpforms-582-field_1-error\" required><label for=\"wpforms-582-field_1\" class=\"wpforms-field-sublabel after\">Pr\u00e9nom<\/label><\/div><div class=\"wpforms-field-row-block wpforms-one-half\"><input type=\"text\" id=\"wpforms-582-field_1-last\" class=\"wpforms-field-name-last wpforms-field-required\" name=\"wpforms[fields][1][last]\" aria-errormessage=\"wpforms-582-field_1-last-error\" required><label for=\"wpforms-582-field_1-last\" class=\"wpforms-field-sublabel after\">Nom<\/label><\/div><\/div><\/fieldset><\/div><div id=\"wpforms-582-field_2-container\" class=\"wpforms-field wpforms-field-email\" data-field-id=\"2\"><label class=\"wpforms-field-label\" for=\"wpforms-582-field_2\">Email <span class=\"wpforms-required-label\" aria-hidden=\"true\">*<\/span><\/label><input type=\"email\" id=\"wpforms-582-field_2\" class=\"wpforms-field-medium wpforms-field-required\" name=\"wpforms[fields][2]\" spellcheck=\"false\" aria-errormessage=\"wpforms-582-field_2-error\" required><\/div>\t\t<div id=\"wpforms-582-field_5-container\"\n\t\t\tclass=\"wpforms-field wpforms-field-text\"\n\t\t\tdata-field-type=\"text\"\n\t\t\tdata-field-id=\"5\"\n\t\t\t>\n\t\t\t<label class=\"wpforms-field-label\" for=\"wpforms-582-field_5\" >or Comment Email<\/label>\n\t\t\t<input type=\"text\" id=\"wpforms-582-field_5\" class=\"wpforms-field-medium\" name=\"wpforms[fields][5]\" >\n\t\t<\/div>\n\t\t<div id=\"wpforms-582-field_7-container\" class=\"wpforms-field wpforms-field-text\" data-field-id=\"7\"><label class=\"wpforms-field-label\" for=\"wpforms-582-field_7\">Subject<\/label><input type=\"text\" id=\"wpforms-582-field_7\" class=\"wpforms-field-medium\" name=\"wpforms[fields][7]\" aria-errormessage=\"wpforms-582-field_7-error\" ><\/div><div id=\"wpforms-582-field_3-container\" class=\"wpforms-field wpforms-field-textarea\" data-field-id=\"3\"><label class=\"wpforms-field-label\" for=\"wpforms-582-field_3\">Comment or Message<\/label><textarea id=\"wpforms-582-field_3\" class=\"wpforms-field-medium\" name=\"wpforms[fields][3]\" aria-errormessage=\"wpforms-582-field_3-error\" ><\/textarea><\/div><div id=\"wpforms-582-field_4-container\" class=\"wpforms-field wpforms-field-file-upload\" data-field-id=\"4\"><label class=\"wpforms-field-label\" for=\"wpforms-582-field_4\">File upload<\/label><div\n\t\tclass=\"wpforms-uploader \"\n\t\tdata-field-id=\"4\"\n\t\tdata-form-id=\"582\"\n\t\tdata-input-name=\"wpforms_582_4\"\n\t\tdata-extensions=\"jpg,jpeg,jpe,gif,png,bmp,tiff,tif,webp,avif,ico,heic,heif,heics,heifs,asf,asx,wmv,wmx,wm,avi,divx,mov,qt,mpeg,mpg,mpe,mp4,m4v,ogv,webm,mkv,3gp,3gpp,3g2,3gp2,txt,asc,c,cc,h,srt,csv,tsv,ics,rtx,css,vtt,mp3,m4a,m4b,aac,ra,ram,wav,x-wav,ogg,oga,flac,mid,midi,wma,wax,mka,rtf,pdf,class,tar,zip,gz,gzip,rar,7z,psd,xcf,doc,pot,pps,ppt,wri,xla,xls,xlt,xlw,mpp,docx,docm,dotx,dotm,xlsx,xlsm,xlsb,xltx,xltm,xlam,pptx,pptm,ppsx,ppsm,potx,potm,ppam,sldx,sldm,onetoc,onetoc2,onepkg,oxps,xps,odt,odp,ods,odg,odc,odb,odf,wp,wpd,key,numbers,pages,json\"\n\t\tdata-max-size=\"33554432\"\n\t\tdata-max-file-number=\"10\"\n\t\tdata-post-max-size=\"33554432\"\n\t\tdata-max-parallel-uploads=\"4\"\n\t\tdata-parallel-uploads=\"true\"\n\t\tdata-file-chunk-size=\"2097152\">\n\t<div class=\"dz-message\">\n\t\t<svg  viewBox=\"0 0 640 640\" focusable=\"false\" data-icon=\"inbox\" width=\"50px\" height=\"50px\" fill=\"currentColor\" aria-hidden=\"true\">\n\t\t\t<path d=\"M352 173.3L352 384C352 401.7 337.7 416 320 416C302.3 416 288 401.7 288 384L288 173.3L246.6 214.7C234.1 227.2 213.8 227.2 201.3 214.7C188.8 202.2 188.8 181.9 201.3 169.4L297.3 73.4C309.8 60.9 330.1 60.9 342.6 73.4L438.6 169.4C451.1 181.9 451.1 202.2 438.6 214.7C426.1 227.2 405.8 227.2 393.3 214.7L352 173.3zM320 464C364.2 464 400 428.2 400 384L480 384C515.3 384 544 412.7 544 448L544 480C544 515.3 515.3 544 480 544L160 544C124.7 544 96 515.3 96 480L96 448C96 412.7 124.7 384 160 384L240 384C240 428.2 275.8 464 320 464zM464 488C477.3 488 488 477.3 488 464C488 450.7 477.3 440 464 440C450.7 440 440 450.7 440 464C440 477.3 450.7 488 464 488z\"\/>\n\t\t<\/svg>\n\n\t\t<span class=\"modern-title\">\n\t\t\t\t\t\t\tDrag &amp; Drop Files, \t\t\t\t<span>Choose Files to Upload<\/span>\n\t\t\t\t\t<\/span>\n\n\t\t\t\t\t<span class=\"modern-hint\">Vous pouvez t\u00e9l\u00e9verser jusqu\u2019\u00e0 10 fichiers.<\/span>\n\t\t\t<\/div>\n<\/div>\n\n<input\n\t\ttype=\"text\"\n\t\tautocomplete=\"off\"\n\t\treadonly\n\t\tclass=\"dropzone-input\"\n\t\tstyle=\"position:absolute!important;clip:rect(0,0,0,0)!important;height:1px!important;width:1px!important;border:0!important;overflow:hidden!important;padding:0!important;margin:0!important;\"\n\t\tid=\"wpforms-582-field_4\"\n\t\tname=\"wpforms_582_4\" \t\tvalue=\"\">\n<\/div><script>\n\t\t\t\t( function() {\n\t\t\t\t\tconst style = document.createElement( 'style' );\n\t\t\t\t\tstyle.appendChild( document.createTextNode( '#wpforms-582-field_5-container { position: absolute !important; overflow: hidden !important; display: inline !important; height: 1px !important; width: 1px !important; z-index: -1000 !important; padding: 0 !important; } #wpforms-582-field_5-container input { visibility: hidden; } #wpforms-conversational-form-page #wpforms-582-field_5-container label { counter-increment: none; }' ) );\n\t\t\t\t\tdocument.head.appendChild( style );\n\t\t\t\t\tdocument.currentScript?.remove();\n\t\t\t\t} )();\n\t\t\t<\/script><\/div><!-- .wpforms-field-container --><div class=\"wpforms-recaptcha-container wpforms-is-turnstile\" ><div class=\"wpforms-turnstile\" data-sitekey=\"0x4AAAAAAB8DYDNbV9sPjp8m\" data-action=\"FormID-582\"><\/div><input type=\"text\" name=\"g-recaptcha-hidden\" class=\"wpforms-recaptcha-hidden\" style=\"position:absolute!important;clip:rect(0,0,0,0)!important;height:1px!important;width:1px!important;border:0!important;overflow:hidden!important;padding:0!important;margin:0!important;\" data-rule-turnstile=\"1\"><\/div><div class=\"wpforms-submit-container\" ><input type=\"hidden\" name=\"wpforms[id]\" value=\"582\"><input type=\"hidden\" name=\"page_title\" value=\"\"><input type=\"hidden\" name=\"page_url\" value=\"https:\/\/fieldsofhonor.com\/fr\/wp-json\/wp\/v2\/pages\/103699\"><input type=\"hidden\" name=\"url_referer\" value=\"\"><button type=\"submit\" name=\"wpforms[submit]\" id=\"wpforms-submit-582\" class=\"wpforms-submit\" data-alt-text=\"Sending...\" data-submit-text=\"Submit\" aria-live=\"assertive\" value=\"wpforms-submit\">Submit<\/button><img decoding=\"async\" src=\"https:\/\/fieldsofhonor.com\/wp-content\/plugins\/wpforms\/assets\/images\/submit-spin.svg\" class=\"wpforms-submit-spinner\" style=\"display: none;\" width=\"26\" height=\"26\" alt=\"Chargement en cours\"><\/div><\/form><\/div>  <!-- .wpforms-container --><\/div><\/div>\n<\/div><\/div>\n\r\n<div class=\"eye-block empty-space empty-space--large pt-lg-5 pb-lg-5 pt-4 pb-4\" ><\/div>\r\n\r\n<div class=\"eye-block fullwidth-row alignfull  alignfull bg--blue  contained\"  >\r\n\r\n            <div class=\"container\">\r\n    \r\n    <div class=\"fullwidth-row--container\">\r\n        <div class=\"acf-innerblocks-container\">\n\n<h2 class=\"wp-block-heading\">Postes vacants<\/h2>\n\n\n\r\n<div class=\"eye-block empty-space empty-space--small pt-md-3 pb-md-3 pt-2 pb-2\" ><\/div>\n\n\r\n<div class=\"eye-block vacancies-grid\">\r\n    <div class=\"row\">\r\n            <\/div>\r\n<\/div>\n<\/div>\r\n    <\/div>\r\n\r\n            <\/div>\r\n    \r\n<\/div>\r\n","protected":false},"excerpt":{"rendered":"","protected":false},"author":1,"featured_media":0,"parent":103763,"menu_order":0,"comment_status":"closed","ping_status":"closed","template":"","meta":{"_acf_changed":false,"ghostkit_customizer_options":"","ghostkit_custom_css":"","ghostkit_custom_js_head":"","ghostkit_custom_js_foot":"","ghostkit_typography":"","footnotes":""},"class_list":["post-103699","page","type-page","status-publish","hentry"],"acf":[],"yoast_head":"<!-- This site is optimized with the Yoast SEO plugin v27.4 - https:\/\/yoast.com\/product\/yoast-seo-wordpress\/ -->\n<title>B\u00e9n\u00e9voles - Fields of Honor<\/title>\n<meta name=\"robots\" content=\"index, follow, max-snippet:-1, max-image-preview:large, max-video-preview:-1\" \/>\n<link rel=\"canonical\" href=\"https:\/\/fieldsofhonor.com\/fr\/aidez-a-se-souvenir\/benevoles\/\" \/>\n<meta property=\"og:locale\" content=\"fr_FR\" \/>\n<meta property=\"og:type\" content=\"article\" \/>\n<meta property=\"og:title\" content=\"B\u00e9n\u00e9voles - Fields of Honor\" \/>\n<meta property=\"og:url\" content=\"https:\/\/fieldsofhonor.com\/fr\/aidez-a-se-souvenir\/benevoles\/\" \/>\n<meta property=\"og:site_name\" content=\"Fields of Honor\" \/>\n<meta property=\"article:publisher\" content=\"https:\/\/www.facebook.com\/degezichtenvanmargraten\" \/>\n<meta property=\"article:modified_time\" content=\"2025-12-23T13:34:24+00:00\" \/>\n<meta name=\"twitter:card\" content=\"summary_large_image\" \/>\n<meta name=\"twitter:label1\" content=\"Dur\u00e9e de lecture estim\u00e9e\" \/>\n\t<meta name=\"twitter:data1\" content=\"1 minute\" \/>\n<script type=\"application\/ld+json\" class=\"yoast-schema-graph\">{\"@context\":\"https:\\\/\\\/schema.org\",\"@graph\":[{\"@type\":\"WebPage\",\"@id\":\"https:\\\/\\\/fieldsofhonor.com\\\/fr\\\/aidez-a-se-souvenir\\\/benevoles\\\/\",\"url\":\"https:\\\/\\\/fieldsofhonor.com\\\/fr\\\/aidez-a-se-souvenir\\\/benevoles\\\/\",\"name\":\"B\u00e9n\u00e9voles - Fields of Honor\",\"isPartOf\":{\"@id\":\"https:\\\/\\\/fieldsofhonor.com\\\/#website\"},\"datePublished\":\"2025-07-23T08:04:16+00:00\",\"dateModified\":\"2025-12-23T13:34:24+00:00\",\"breadcrumb\":{\"@id\":\"https:\\\/\\\/fieldsofhonor.com\\\/fr\\\/aidez-a-se-souvenir\\\/benevoles\\\/#breadcrumb\"},\"inLanguage\":\"fr-FR\",\"potentialAction\":[{\"@type\":\"ReadAction\",\"target\":[\"https:\\\/\\\/fieldsofhonor.com\\\/fr\\\/aidez-a-se-souvenir\\\/benevoles\\\/\"]}]},{\"@type\":\"BreadcrumbList\",\"@id\":\"https:\\\/\\\/fieldsofhonor.com\\\/fr\\\/aidez-a-se-souvenir\\\/benevoles\\\/#breadcrumb\",\"itemListElement\":[{\"@type\":\"ListItem\",\"position\":1,\"name\":\"Home\",\"item\":\"https:\\\/\\\/fieldsofhonor.com\\\/fr\\\/accueil\\\/\"},{\"@type\":\"ListItem\",\"position\":2,\"name\":\"Aidez \u00e0 se souvenir\",\"item\":\"https:\\\/\\\/fieldsofhonor.com\\\/fr\\\/aidez-a-se-souvenir\\\/\"},{\"@type\":\"ListItem\",\"position\":3,\"name\":\"B\u00e9n\u00e9voles\"}]},{\"@type\":\"WebSite\",\"@id\":\"https:\\\/\\\/fieldsofhonor.com\\\/#website\",\"url\":\"https:\\\/\\\/fieldsofhonor.com\\\/\",\"name\":\"Fields of Honor\",\"description\":\"\",\"publisher\":{\"@id\":\"https:\\\/\\\/fieldsofhonor.com\\\/#organization\"},\"potentialAction\":[{\"@type\":\"SearchAction\",\"target\":{\"@type\":\"EntryPoint\",\"urlTemplate\":\"https:\\\/\\\/fieldsofhonor.com\\\/?s={search_term_string}\"},\"query-input\":{\"@type\":\"PropertyValueSpecification\",\"valueRequired\":true,\"valueName\":\"search_term_string\"}}],\"inLanguage\":\"fr-FR\"},{\"@type\":\"Organization\",\"@id\":\"https:\\\/\\\/fieldsofhonor.com\\\/#organization\",\"name\":\"Fields of Honor\",\"url\":\"https:\\\/\\\/fieldsofhonor.com\\\/\",\"logo\":{\"@type\":\"ImageObject\",\"inLanguage\":\"fr-FR\",\"@id\":\"https:\\\/\\\/fieldsofhonor.com\\\/#\\\/schema\\\/logo\\\/image\\\/\",\"url\":\"https:\\\/\\\/fieldsofhonor.com\\\/wp-content\\\/uploads\\\/2025\\\/12\\\/Logo_Cmyk_vierkant-scaled.jpg\",\"contentUrl\":\"https:\\\/\\\/fieldsofhonor.com\\\/wp-content\\\/uploads\\\/2025\\\/12\\\/Logo_Cmyk_vierkant-scaled.jpg\",\"width\":2560,\"height\":2560,\"caption\":\"Fields of Honor\"},\"image\":{\"@id\":\"https:\\\/\\\/fieldsofhonor.com\\\/#\\\/schema\\\/logo\\\/image\\\/\"},\"sameAs\":[\"https:\\\/\\\/www.facebook.com\\\/degezichtenvanmargraten\",\"https:\\\/\\\/www.instagram.com\\\/degezichtenvanmargraten\\\/\",\"https:\\\/\\\/www.youtube.com\\\/@fieldsofhonorfoundation\"]}]}<\/script>\n<!-- \/ Yoast SEO plugin. -->","yoast_head_json":{"title":"B\u00e9n\u00e9voles - Fields of Honor","robots":{"index":"index","follow":"follow","max-snippet":"max-snippet:-1","max-image-preview":"max-image-preview:large","max-video-preview":"max-video-preview:-1"},"canonical":"https:\/\/fieldsofhonor.com\/fr\/aidez-a-se-souvenir\/benevoles\/","og_locale":"fr_FR","og_type":"article","og_title":"B\u00e9n\u00e9voles - Fields of Honor","og_url":"https:\/\/fieldsofhonor.com\/fr\/aidez-a-se-souvenir\/benevoles\/","og_site_name":"Fields of Honor","article_publisher":"https:\/\/www.facebook.com\/degezichtenvanmargraten","article_modified_time":"2025-12-23T13:34:24+00:00","twitter_card":"summary_large_image","twitter_misc":{"Dur\u00e9e de lecture estim\u00e9e":"1 minute"},"schema":{"@context":"https:\/\/schema.org","@graph":[{"@type":"WebPage","@id":"https:\/\/fieldsofhonor.com\/fr\/aidez-a-se-souvenir\/benevoles\/","url":"https:\/\/fieldsofhonor.com\/fr\/aidez-a-se-souvenir\/benevoles\/","name":"B\u00e9n\u00e9voles - Fields of Honor","isPartOf":{"@id":"https:\/\/fieldsofhonor.com\/#website"},"datePublished":"2025-07-23T08:04:16+00:00","dateModified":"2025-12-23T13:34:24+00:00","breadcrumb":{"@id":"https:\/\/fieldsofhonor.com\/fr\/aidez-a-se-souvenir\/benevoles\/#breadcrumb"},"inLanguage":"fr-FR","potentialAction":[{"@type":"ReadAction","target":["https:\/\/fieldsofhonor.com\/fr\/aidez-a-se-souvenir\/benevoles\/"]}]},{"@type":"BreadcrumbList","@id":"https:\/\/fieldsofhonor.com\/fr\/aidez-a-se-souvenir\/benevoles\/#breadcrumb","itemListElement":[{"@type":"ListItem","position":1,"name":"Home","item":"https:\/\/fieldsofhonor.com\/fr\/accueil\/"},{"@type":"ListItem","position":2,"name":"Aidez \u00e0 se souvenir","item":"https:\/\/fieldsofhonor.com\/fr\/aidez-a-se-souvenir\/"},{"@type":"ListItem","position":3,"name":"B\u00e9n\u00e9voles"}]},{"@type":"WebSite","@id":"https:\/\/fieldsofhonor.com\/#website","url":"https:\/\/fieldsofhonor.com\/","name":"Fields of Honor","description":"","publisher":{"@id":"https:\/\/fieldsofhonor.com\/#organization"},"potentialAction":[{"@type":"SearchAction","target":{"@type":"EntryPoint","urlTemplate":"https:\/\/fieldsofhonor.com\/?s={search_term_string}"},"query-input":{"@type":"PropertyValueSpecification","valueRequired":true,"valueName":"search_term_string"}}],"inLanguage":"fr-FR"},{"@type":"Organization","@id":"https:\/\/fieldsofhonor.com\/#organization","name":"Fields of Honor","url":"https:\/\/fieldsofhonor.com\/","logo":{"@type":"ImageObject","inLanguage":"fr-FR","@id":"https:\/\/fieldsofhonor.com\/#\/schema\/logo\/image\/","url":"https:\/\/fieldsofhonor.com\/wp-content\/uploads\/2025\/12\/Logo_Cmyk_vierkant-scaled.jpg","contentUrl":"https:\/\/fieldsofhonor.com\/wp-content\/uploads\/2025\/12\/Logo_Cmyk_vierkant-scaled.jpg","width":2560,"height":2560,"caption":"Fields of Honor"},"image":{"@id":"https:\/\/fieldsofhonor.com\/#\/schema\/logo\/image\/"},"sameAs":["https:\/\/www.facebook.com\/degezichtenvanmargraten","https:\/\/www.instagram.com\/degezichtenvanmargraten\/","https:\/\/www.youtube.com\/@fieldsofhonorfoundation"]}]}},"_links":{"self":[{"href":"https:\/\/fieldsofhonor.com\/fr\/wp-json\/wp\/v2\/pages\/103699","targetHints":{"allow":["GET"]}}],"collection":[{"href":"https:\/\/fieldsofhonor.com\/fr\/wp-json\/wp\/v2\/pages"}],"about":[{"href":"https:\/\/fieldsofhonor.com\/fr\/wp-json\/wp\/v2\/types\/page"}],"author":[{"embeddable":true,"href":"https:\/\/fieldsofhonor.com\/fr\/wp-json\/wp\/v2\/users\/1"}],"replies":[{"embeddable":true,"href":"https:\/\/fieldsofhonor.com\/fr\/wp-json\/wp\/v2\/comments?post=103699"}],"version-history":[{"count":1,"href":"https:\/\/fieldsofhonor.com\/fr\/wp-json\/wp\/v2\/pages\/103699\/revisions"}],"predecessor-version":[{"id":103700,"href":"https:\/\/fieldsofhonor.com\/fr\/wp-json\/wp\/v2\/pages\/103699\/revisions\/103700"}],"up":[{"embeddable":true,"href":"https:\/\/fieldsofhonor.com\/fr\/wp-json\/wp\/v2\/pages\/103763"}],"wp:attachment":[{"href":"https:\/\/fieldsofhonor.com\/fr\/wp-json\/wp\/v2\/media?parent=103699"}],"curies":[{"name":"wp","href":"https:\/\/api.w.org\/{rel}","templated":true}]}}