{"id":103684,"date":"2025-11-13T07:55:19","date_gmt":"2025-11-13T07:55:19","guid":{"rendered":"https:\/\/fieldsofhonor.com\/voix-de-margraten\/"},"modified":"2025-12-23T13:32:50","modified_gmt":"2025-12-23T13:32:50","slug":"voix-de-margraten","status":"publish","type":"page","link":"https:\/\/fieldsofhonor.com\/fr\/voix-de-margraten\/","title":{"rendered":"Voix de Margraten"},"content":{"rendered":"\n<div class=\"ghostkit-grid ghostkit-grid-gap-md ghostkit-grid-align-items-center ghostkit-grid-justify-content-center animate-columns equal-height-columns\"><div class=\"ghostkit-grid-inner\">\n<div class=\"ghostkit-col ghostkit-col-md-12 ghostkit-col-lg-12 ghostkit-col-6\"><div class=\"ghostkit-col-content is-layout-flow wp-block-ghostkit-grid-column-is-layout-flow\">\n<h1 class=\"wp-block-heading has-text-align-left\">Voix de Margraten<\/h1>\n\n\n\n<p class=\"has-text-align-left\">Les soldats qui ont \u00e9t\u00e9 enterr\u00e9s au cimeti\u00e8re am\u00e9ricain des Pays-Bas \u00e0 Margraten m\u00e9ritent d\u2019\u00eatre entendus. Gr\u00e2ce \u00e0 des documents nouvellement d\u00e9couverts et \u00e0 des t\u00e9moignages de membres de la famille et d\u2019adoptants, les histoires de quatre personnes enterr\u00e9es \u00e0 Margraten ont \u00e9t\u00e9 reconstitu\u00e9es. Qui \u00e9taient ces hommes et ces femmes et comment se sont-ils retrouv\u00e9s \u00e0 Margraten ? Et quels choix auriez-vous faits si vous aviez pass\u00e9 une journ\u00e9e \u00e0 leur place ? D\u00e9couvrez que derri\u00e8re chaque croix, chaque \u00e9toile de David, il y a une personne qui vous ressemble plus que vous ne l\u2019auriez imagin\u00e9.     <\/p>\n\n\n\n<p class=\"has-text-align-left\">Les visites audio faisaient partie de The Faces of Margraten en 2018 et ont \u00e9t\u00e9 produites par Stichting Laudio et la Fields of Honor Foundation.<\/p>\n<\/div><\/div>\n\n\n\n<div class=\"ghostkit-col ghostkit-col-md-12 ghostkit-col-lg-12 ghostkit-col-6\"><div class=\"ghostkit-col-content is-layout-flow wp-block-ghostkit-grid-column-is-layout-flow\">\n<figure class=\"wp-block-image size-full img-rounded-corners h-100\"><img decoding=\"async\" width=\"591\" height=\"394\" src=\"https:\/\/fieldsofhonor.com\/wp-content\/uploads\/2025\/10\/stemmen-van-margraten-08.jpg\" alt=\"\" class=\"wp-image-628\" style=\"aspect-ratio:1;object-fit:cover\" srcset=\"https:\/\/fieldsofhonor.com\/wp-content\/uploads\/2025\/10\/stemmen-van-margraten-08.jpg 591w, https:\/\/fieldsofhonor.com\/wp-content\/uploads\/2025\/10\/stemmen-van-margraten-08-300x200.jpg 300w\" sizes=\"(max-width: 591px) 100vw, 591px\" \/><\/figure>\n<\/div><\/div>\n<\/div><\/div>\n\n<p><\/p>\n","protected":false},"excerpt":{"rendered":"","protected":false},"author":1,"featured_media":0,"parent":0,"menu_order":0,"comment_status":"closed","ping_status":"closed","template":"","meta":{"_acf_changed":false,"ghostkit_customizer_options":"","ghostkit_custom_css":"","ghostkit_custom_js_head":"","ghostkit_custom_js_foot":"","ghostkit_typography":"","footnotes":""},"class_list":["post-103684","page","type-page","status-publish","hentry"],"acf":[],"yoast_head":"<!-- This site is optimized with the Yoast SEO plugin v27.4 - https:\/\/yoast.com\/product\/yoast-seo-wordpress\/ -->\n<title>Voix de Margraten - Fields of Honor<\/title>\n<meta name=\"robots\" content=\"index, follow, max-snippet:-1, max-image-preview:large, max-video-preview:-1\" \/>\n<link rel=\"canonical\" href=\"https:\/\/fieldsofhonor.com\/fr\/voix-de-margraten\/\" \/>\n<meta property=\"og:locale\" content=\"fr_FR\" \/>\n<meta property=\"og:type\" content=\"article\" \/>\n<meta property=\"og:title\" content=\"Voix de Margraten - Fields of Honor\" \/>\n<meta property=\"og:url\" content=\"https:\/\/fieldsofhonor.com\/fr\/voix-de-margraten\/\" \/>\n<meta property=\"og:site_name\" content=\"Fields of Honor\" \/>\n<meta property=\"article:publisher\" content=\"https:\/\/www.facebook.com\/degezichtenvanmargraten\" \/>\n<meta property=\"article:modified_time\" content=\"2025-12-23T13:32:50+00:00\" \/>\n<meta property=\"og:image\" content=\"https:\/\/fieldsofhonor.com\/wp-content\/uploads\/2025\/10\/stemmen-van-margraten-08.jpg\" \/>\n\t<meta property=\"og:image:width\" content=\"591\" \/>\n\t<meta property=\"og:image:height\" content=\"394\" \/>\n\t<meta property=\"og:image:type\" content=\"image\/jpeg\" \/>\n<meta name=\"twitter:card\" content=\"summary_large_image\" \/>\n<meta name=\"twitter:label1\" content=\"Dur\u00e9e de lecture estim\u00e9e\" \/>\n\t<meta name=\"twitter:data1\" content=\"1 minute\" \/>\n<script type=\"application\/ld+json\" class=\"yoast-schema-graph\">{\"@context\":\"https:\\\/\\\/schema.org\",\"@graph\":[{\"@type\":\"WebPage\",\"@id\":\"https:\\\/\\\/fieldsofhonor.com\\\/fr\\\/voix-de-margraten\\\/\",\"url\":\"https:\\\/\\\/fieldsofhonor.com\\\/fr\\\/voix-de-margraten\\\/\",\"name\":\"Voix de Margraten - Fields of Honor\",\"isPartOf\":{\"@id\":\"https:\\\/\\\/fieldsofhonor.com\\\/#website\"},\"primaryImageOfPage\":{\"@id\":\"https:\\\/\\\/fieldsofhonor.com\\\/fr\\\/voix-de-margraten\\\/#primaryimage\"},\"image\":{\"@id\":\"https:\\\/\\\/fieldsofhonor.com\\\/fr\\\/voix-de-margraten\\\/#primaryimage\"},\"thumbnailUrl\":\"https:\\\/\\\/fieldsofhonor.com\\\/wp-content\\\/uploads\\\/2025\\\/10\\\/stemmen-van-margraten-08.jpg\",\"datePublished\":\"2025-11-13T07:55:19+00:00\",\"dateModified\":\"2025-12-23T13:32:50+00:00\",\"breadcrumb\":{\"@id\":\"https:\\\/\\\/fieldsofhonor.com\\\/fr\\\/voix-de-margraten\\\/#breadcrumb\"},\"inLanguage\":\"fr-FR\",\"potentialAction\":[{\"@type\":\"ReadAction\",\"target\":[\"https:\\\/\\\/fieldsofhonor.com\\\/fr\\\/voix-de-margraten\\\/\"]}]},{\"@type\":\"ImageObject\",\"inLanguage\":\"fr-FR\",\"@id\":\"https:\\\/\\\/fieldsofhonor.com\\\/fr\\\/voix-de-margraten\\\/#primaryimage\",\"url\":\"https:\\\/\\\/fieldsofhonor.com\\\/wp-content\\\/uploads\\\/2025\\\/10\\\/stemmen-van-margraten-08.jpg\",\"contentUrl\":\"https:\\\/\\\/fieldsofhonor.com\\\/wp-content\\\/uploads\\\/2025\\\/10\\\/stemmen-van-margraten-08.jpg\"},{\"@type\":\"BreadcrumbList\",\"@id\":\"https:\\\/\\\/fieldsofhonor.com\\\/fr\\\/voix-de-margraten\\\/#breadcrumb\",\"itemListElement\":[{\"@type\":\"ListItem\",\"position\":1,\"name\":\"Home\",\"item\":\"https:\\\/\\\/fieldsofhonor.com\\\/fr\\\/accueil\\\/\"},{\"@type\":\"ListItem\",\"position\":2,\"name\":\"Voix de Margraten\"}]},{\"@type\":\"WebSite\",\"@id\":\"https:\\\/\\\/fieldsofhonor.com\\\/#website\",\"url\":\"https:\\\/\\\/fieldsofhonor.com\\\/\",\"name\":\"Fields of Honor\",\"description\":\"\",\"publisher\":{\"@id\":\"https:\\\/\\\/fieldsofhonor.com\\\/#organization\"},\"potentialAction\":[{\"@type\":\"SearchAction\",\"target\":{\"@type\":\"EntryPoint\",\"urlTemplate\":\"https:\\\/\\\/fieldsofhonor.com\\\/?s={search_term_string}\"},\"query-input\":{\"@type\":\"PropertyValueSpecification\",\"valueRequired\":true,\"valueName\":\"search_term_string\"}}],\"inLanguage\":\"fr-FR\"},{\"@type\":\"Organization\",\"@id\":\"https:\\\/\\\/fieldsofhonor.com\\\/#organization\",\"name\":\"Fields of Honor\",\"url\":\"https:\\\/\\\/fieldsofhonor.com\\\/\",\"logo\":{\"@type\":\"ImageObject\",\"inLanguage\":\"fr-FR\",\"@id\":\"https:\\\/\\\/fieldsofhonor.com\\\/#\\\/schema\\\/logo\\\/image\\\/\",\"url\":\"https:\\\/\\\/fieldsofhonor.com\\\/wp-content\\\/uploads\\\/2025\\\/12\\\/Logo_Cmyk_vierkant-scaled.jpg\",\"contentUrl\":\"https:\\\/\\\/fieldsofhonor.com\\\/wp-content\\\/uploads\\\/2025\\\/12\\\/Logo_Cmyk_vierkant-scaled.jpg\",\"width\":2560,\"height\":2560,\"caption\":\"Fields of Honor\"},\"image\":{\"@id\":\"https:\\\/\\\/fieldsofhonor.com\\\/#\\\/schema\\\/logo\\\/image\\\/\"},\"sameAs\":[\"https:\\\/\\\/www.facebook.com\\\/degezichtenvanmargraten\",\"https:\\\/\\\/www.instagram.com\\\/degezichtenvanmargraten\\\/\",\"https:\\\/\\\/www.youtube.com\\\/@fieldsofhonorfoundation\"]}]}<\/script>\n<!-- \/ Yoast SEO plugin. -->","yoast_head_json":{"title":"Voix de Margraten - Fields of Honor","robots":{"index":"index","follow":"follow","max-snippet":"max-snippet:-1","max-image-preview":"max-image-preview:large","max-video-preview":"max-video-preview:-1"},"canonical":"https:\/\/fieldsofhonor.com\/fr\/voix-de-margraten\/","og_locale":"fr_FR","og_type":"article","og_title":"Voix de Margraten - Fields of Honor","og_url":"https:\/\/fieldsofhonor.com\/fr\/voix-de-margraten\/","og_site_name":"Fields of Honor","article_publisher":"https:\/\/www.facebook.com\/degezichtenvanmargraten","article_modified_time":"2025-12-23T13:32:50+00:00","og_image":[{"width":591,"height":394,"url":"https:\/\/fieldsofhonor.com\/wp-content\/uploads\/2025\/10\/stemmen-van-margraten-08.jpg","type":"image\/jpeg"}],"twitter_card":"summary_large_image","twitter_misc":{"Dur\u00e9e de lecture estim\u00e9e":"1 minute"},"schema":{"@context":"https:\/\/schema.org","@graph":[{"@type":"WebPage","@id":"https:\/\/fieldsofhonor.com\/fr\/voix-de-margraten\/","url":"https:\/\/fieldsofhonor.com\/fr\/voix-de-margraten\/","name":"Voix de Margraten - Fields of Honor","isPartOf":{"@id":"https:\/\/fieldsofhonor.com\/#website"},"primaryImageOfPage":{"@id":"https:\/\/fieldsofhonor.com\/fr\/voix-de-margraten\/#primaryimage"},"image":{"@id":"https:\/\/fieldsofhonor.com\/fr\/voix-de-margraten\/#primaryimage"},"thumbnailUrl":"https:\/\/fieldsofhonor.com\/wp-content\/uploads\/2025\/10\/stemmen-van-margraten-08.jpg","datePublished":"2025-11-13T07:55:19+00:00","dateModified":"2025-12-23T13:32:50+00:00","breadcrumb":{"@id":"https:\/\/fieldsofhonor.com\/fr\/voix-de-margraten\/#breadcrumb"},"inLanguage":"fr-FR","potentialAction":[{"@type":"ReadAction","target":["https:\/\/fieldsofhonor.com\/fr\/voix-de-margraten\/"]}]},{"@type":"ImageObject","inLanguage":"fr-FR","@id":"https:\/\/fieldsofhonor.com\/fr\/voix-de-margraten\/#primaryimage","url":"https:\/\/fieldsofhonor.com\/wp-content\/uploads\/2025\/10\/stemmen-van-margraten-08.jpg","contentUrl":"https:\/\/fieldsofhonor.com\/wp-content\/uploads\/2025\/10\/stemmen-van-margraten-08.jpg"},{"@type":"BreadcrumbList","@id":"https:\/\/fieldsofhonor.com\/fr\/voix-de-margraten\/#breadcrumb","itemListElement":[{"@type":"ListItem","position":1,"name":"Home","item":"https:\/\/fieldsofhonor.com\/fr\/accueil\/"},{"@type":"ListItem","position":2,"name":"Voix de Margraten"}]},{"@type":"WebSite","@id":"https:\/\/fieldsofhonor.com\/#website","url":"https:\/\/fieldsofhonor.com\/","name":"Fields of Honor","description":"","publisher":{"@id":"https:\/\/fieldsofhonor.com\/#organization"},"potentialAction":[{"@type":"SearchAction","target":{"@type":"EntryPoint","urlTemplate":"https:\/\/fieldsofhonor.com\/?s={search_term_string}"},"query-input":{"@type":"PropertyValueSpecification","valueRequired":true,"valueName":"search_term_string"}}],"inLanguage":"fr-FR"},{"@type":"Organization","@id":"https:\/\/fieldsofhonor.com\/#organization","name":"Fields of Honor","url":"https:\/\/fieldsofhonor.com\/","logo":{"@type":"ImageObject","inLanguage":"fr-FR","@id":"https:\/\/fieldsofhonor.com\/#\/schema\/logo\/image\/","url":"https:\/\/fieldsofhonor.com\/wp-content\/uploads\/2025\/12\/Logo_Cmyk_vierkant-scaled.jpg","contentUrl":"https:\/\/fieldsofhonor.com\/wp-content\/uploads\/2025\/12\/Logo_Cmyk_vierkant-scaled.jpg","width":2560,"height":2560,"caption":"Fields of Honor"},"image":{"@id":"https:\/\/fieldsofhonor.com\/#\/schema\/logo\/image\/"},"sameAs":["https:\/\/www.facebook.com\/degezichtenvanmargraten","https:\/\/www.instagram.com\/degezichtenvanmargraten\/","https:\/\/www.youtube.com\/@fieldsofhonorfoundation"]}]}},"_links":{"self":[{"href":"https:\/\/fieldsofhonor.com\/fr\/wp-json\/wp\/v2\/pages\/103684","targetHints":{"allow":["GET"]}}],"collection":[{"href":"https:\/\/fieldsofhonor.com\/fr\/wp-json\/wp\/v2\/pages"}],"about":[{"href":"https:\/\/fieldsofhonor.com\/fr\/wp-json\/wp\/v2\/types\/page"}],"author":[{"embeddable":true,"href":"https:\/\/fieldsofhonor.com\/fr\/wp-json\/wp\/v2\/users\/1"}],"replies":[{"embeddable":true,"href":"https:\/\/fieldsofhonor.com\/fr\/wp-json\/wp\/v2\/comments?post=103684"}],"version-history":[{"count":1,"href":"https:\/\/fieldsofhonor.com\/fr\/wp-json\/wp\/v2\/pages\/103684\/revisions"}],"predecessor-version":[{"id":103685,"href":"https:\/\/fieldsofhonor.com\/fr\/wp-json\/wp\/v2\/pages\/103684\/revisions\/103685"}],"wp:attachment":[{"href":"https:\/\/fieldsofhonor.com\/fr\/wp-json\/wp\/v2\/media?parent=103684"}],"curies":[{"name":"wp","href":"https:\/\/api.w.org\/{rel}","templated":true}]}}